{"id":3807,"date":"2022-04-14T15:13:31","date_gmt":"2022-04-14T15:16:43","guid":{"rendered":"https:\/\/kindart.is\/product\/to-kristin-e-andresson\/"},"modified":"2022-04-14T15:16:43","modified_gmt":"2022-04-14T15:16:43","slug":"to-kristins-e-andressonar","status":"publish","type":"product","link":"https:\/\/kindart.is\/en\/vara\/to-kristins-e-andressonar\/","title":{"rendered":"To Kristin E. Andr\u00e9sson"},"content":{"rendered":"<p><strong>To Kristin E. Andr\u00e9sson<\/strong> 12. June 1961 Anniversary book for Kristin&#8217;s 60th birthday (1901-1973). Halld\u00f3r Kiljan Laxness writes the foreword. Table Congratulations. Articles and poems by Kristin&#8217;s friends. The book is sewn in a cover, 14.5 X 22.3 cm. 184 p.<\/p>\n<p><strong>Publishing and printing<\/strong> :<br \/>\nVersion not mentioned. Reykjav\u00edk 1961. H\u00f3lar printing works.<\/p>\n","protected":false},"excerpt":{"rendered":"<p>To Kristin E. Andr\u00e9sson 12. June 1961 Anniversary book for Kristin&#8217;s 60th birthday (1901-1973). Halld\u00f3r Kiljan Laxness writes the foreword. Table Congratulations. Articles and poems by Kristin&#8217;s friends. The book is sewn in a cover, 14.5 X 22.3 cm. 184 p. Publishing and printing : Version not mentioned. Reykjav\u00edk 1961. H\u00f3lar printing works.<\/p>\n","protected":false},"featured_media":3802,"template":"","meta":{"slim_seo":{"title":"To Kristin E. Andr\u00e9sson - KindArt","description":"To Kristin E. Andr\u00e9sson 12. June 1961 Anniversary book for Kristin's 60th birthday (1901-1973). Halld\u00f3r Kiljan Laxness writes the foreword. Table Congratulation"}},"product_brand":[],"product_cat":[83],"product_tag":[],"class_list":{"0":"post-3807","1":"product","2":"type-product","3":"status-publish","4":"has-post-thumbnail","6":"product_cat-books","7":"product_shipping_class-small-en","9":"first","10":"outofstock","11":"sold-individually","12":"purchasable","13":"product-type-simple"},"_links":{"self":[{"href":"https:\/\/kindart.is\/en\/wp-json\/wp\/v2\/product\/3807","targetHints":{"allow":["GET"]}}],"collection":[{"href":"https:\/\/kindart.is\/en\/wp-json\/wp\/v2\/product"}],"about":[{"href":"https:\/\/kindart.is\/en\/wp-json\/wp\/v2\/types\/product"}],"wp:featuredmedia":[{"embeddable":true,"href":"https:\/\/kindart.is\/en\/wp-json\/wp\/v2\/media\/3802"}],"wp:attachment":[{"href":"https:\/\/kindart.is\/en\/wp-json\/wp\/v2\/media?parent=3807"}],"wp:term":[{"taxonomy":"product_brand","embeddable":true,"href":"https:\/\/kindart.is\/en\/wp-json\/wp\/v2\/product_brand?post=3807"},{"taxonomy":"product_cat","embeddable":true,"href":"https:\/\/kindart.is\/en\/wp-json\/wp\/v2\/product_cat?post=3807"},{"taxonomy":"product_tag","embeddable":true,"href":"https:\/\/kindart.is\/en\/wp-json\/wp\/v2\/product_tag?post=3807"}],"curies":[{"name":"wp","href":"https:\/\/api.w.org\/{rel}","templated":true}]}}