{"id":3813,"date":"2022-04-14T15:18:05","date_gmt":"2022-04-14T15:18:40","guid":{"rendered":"https:\/\/kindart.is\/product\/bright-nights\/"},"modified":"2022-04-14T15:18:40","modified_gmt":"2022-04-14T15:18:40","slug":"bright-nights","status":"publish","type":"product","link":"https:\/\/kindart.is\/en\/vara\/bright-nights\/","title":{"rendered":"Bright nights"},"content":{"rendered":"<p><strong>Bright nights<\/strong> by Kristmann Gu\u00f0mundsson. A novel translated by \u00c1rmann Halld\u00f3rsson. The book is bound in a publishing volume, binding, gilded on the front and on the keel. Color image pasted on the front panel. Size: 12.5 X 19 cm. 167 p.<\/p>\n<p><strong>Publishing and printing<\/strong> :<br \/>\nPublisher: \u00d3lafur Erlingsson. Reykjav\u00edk 1934. \u00cdsafoldarprentsmi\u00f0ja.<\/p>\n","protected":false},"excerpt":{"rendered":"<p>Bright nights by Kristmann Gu\u00f0mundsson. A novel translated by \u00c1rmann Halld\u00f3rsson. The book is bound in a publishing volume, binding, gilded on the front and on the keel. Color image pasted on the front panel. Size: 12.5 X 19 cm. 167 p. Publishing and printing : Publisher: \u00d3lafur Erlingsson. Reykjav\u00edk 1934. \u00cdsafoldarprentsmi\u00f0ja.<\/p>\n","protected":false},"featured_media":3809,"template":"","meta":{"slim_seo":{"title":"Bright nights - KindArt","description":"Bright nights by Kristmann Gu\u00f0mundsson. A novel translated by \u00c1rmann Halld\u00f3rsson. The book is bound in a publishing volume, binding, gilded on the front and on"}},"product_brand":[],"product_cat":[83],"product_tag":[],"class_list":{"0":"post-3813","1":"product","2":"type-product","3":"status-publish","4":"has-post-thumbnail","6":"product_cat-books","7":"product_shipping_class-small-en","9":"first","10":"instock","11":"sold-individually","12":"purchasable","13":"product-type-simple"},"_links":{"self":[{"href":"https:\/\/kindart.is\/en\/wp-json\/wp\/v2\/product\/3813","targetHints":{"allow":["GET"]}}],"collection":[{"href":"https:\/\/kindart.is\/en\/wp-json\/wp\/v2\/product"}],"about":[{"href":"https:\/\/kindart.is\/en\/wp-json\/wp\/v2\/types\/product"}],"wp:featuredmedia":[{"embeddable":true,"href":"https:\/\/kindart.is\/en\/wp-json\/wp\/v2\/media\/3809"}],"wp:attachment":[{"href":"https:\/\/kindart.is\/en\/wp-json\/wp\/v2\/media?parent=3813"}],"wp:term":[{"taxonomy":"product_brand","embeddable":true,"href":"https:\/\/kindart.is\/en\/wp-json\/wp\/v2\/product_brand?post=3813"},{"taxonomy":"product_cat","embeddable":true,"href":"https:\/\/kindart.is\/en\/wp-json\/wp\/v2\/product_cat?post=3813"},{"taxonomy":"product_tag","embeddable":true,"href":"https:\/\/kindart.is\/en\/wp-json\/wp\/v2\/product_tag?post=3813"}],"curies":[{"name":"wp","href":"https:\/\/api.w.org\/{rel}","templated":true}]}}