{"id":3818,"date":"2022-04-14T15:23:02","date_gmt":"2022-04-14T15:23:41","guid":{"rendered":"https:\/\/kindart.is\/product\/adventures-in-space\/"},"modified":"2022-04-14T15:23:41","modified_gmt":"2022-04-14T15:23:41","slug":"adventure-in-heaven","status":"publish","type":"product","link":"https:\/\/kindart.is\/en\/vara\/adventure-in-heaven\/","title":{"rendered":"Adventures in space"},"content":{"rendered":"<p><strong>Adventures in space<\/strong> . An account of Ingi Vital\u00edn&#8217;s travels by Kristmann Gu\u00f0mundsson. The book is bound in rexin on the keel and corner. Size: 14.5 X 21.3 cm. 156 p.<\/p>\n<p><strong>Publishing and printing<\/strong> :<br \/>\n\u00datg. Prentsmi\u00f0jan R\u00fan. Reykjav\u00edk 1959. Prentsmi\u00f0jan R\u00fan.<\/p>\n","protected":false},"excerpt":{"rendered":"<p>Adventures in space . An account of Ingi Vital\u00edn&#8217;s travels by Kristmann Gu\u00f0mundsson. The book is bound in rexin on the keel and corner. Size: 14.5 X 21.3 cm. 156 p. Publishing and printing : \u00datg. Prentsmi\u00f0jan R\u00fan. Reykjav\u00edk 1959. Prentsmi\u00f0jan R\u00fan.<\/p>\n","protected":false},"featured_media":3816,"template":"","meta":{"slim_seo":{"title":"Adventures in space - KindArt","description":"Adventures in space . An account of Ingi Vital\u00edn's travels by Kristmann Gu\u00f0mundsson. The book is bound in rexin on the keel and corner. Size: 14.5 X 21.3 cm. 15"}},"product_brand":[],"product_cat":[83],"product_tag":[],"class_list":{"0":"post-3818","1":"product","2":"type-product","3":"status-publish","4":"has-post-thumbnail","6":"product_cat-books","7":"product_shipping_class-small-en","9":"first","10":"instock","11":"sold-individually","12":"purchasable","13":"product-type-simple"},"_links":{"self":[{"href":"https:\/\/kindart.is\/en\/wp-json\/wp\/v2\/product\/3818","targetHints":{"allow":["GET"]}}],"collection":[{"href":"https:\/\/kindart.is\/en\/wp-json\/wp\/v2\/product"}],"about":[{"href":"https:\/\/kindart.is\/en\/wp-json\/wp\/v2\/types\/product"}],"wp:featuredmedia":[{"embeddable":true,"href":"https:\/\/kindart.is\/en\/wp-json\/wp\/v2\/media\/3816"}],"wp:attachment":[{"href":"https:\/\/kindart.is\/en\/wp-json\/wp\/v2\/media?parent=3818"}],"wp:term":[{"taxonomy":"product_brand","embeddable":true,"href":"https:\/\/kindart.is\/en\/wp-json\/wp\/v2\/product_brand?post=3818"},{"taxonomy":"product_cat","embeddable":true,"href":"https:\/\/kindart.is\/en\/wp-json\/wp\/v2\/product_cat?post=3818"},{"taxonomy":"product_tag","embeddable":true,"href":"https:\/\/kindart.is\/en\/wp-json\/wp\/v2\/product_tag?post=3818"}],"curies":[{"name":"wp","href":"https:\/\/api.w.org\/{rel}","templated":true}]}}