{"id":3830,"date":"2022-04-14T15:32:44","date_gmt":"2022-04-14T15:33:35","guid":{"rendered":"https:\/\/kindart.is\/product\/where-is-gunnars-beak-at-hlidarendur\/"},"modified":"2022-04-14T15:33:35","modified_gmt":"2022-04-14T15:33:35","slug":"where-is-the-beak-gunnars-a-hlidarenda","status":"publish","type":"product","link":"https:\/\/kindart.is\/en\/vara\/where-is-the-beak-gunnars-a-hlidarenda\/","title":{"rendered":"Where is Gunnar&#8217;s beak at Hl\u00ed\u00f0arendur?"},"content":{"rendered":"<p><strong>Where is Gunnar&#8217;s beak at Hl\u00ed\u00f0arendur?<\/strong> Wire-bound peso by P\u00e9tur H. Sal\u00f3monsson. Signed by author and verse. Size: 12 X 18.2 cm. 16 pages + cover.<\/p>\n<p><strong>Publishing and printing<\/strong> :<br \/>\nPublished by the author. Reykjav\u00edk. 1960. \u00cdsafoldarprentsmi\u00f0ja.<\/p>\n","protected":false},"excerpt":{"rendered":"<p>Where is Gunnar&#8217;s beak at Hl\u00ed\u00f0arendur? Wire-bound peso by P\u00e9tur H. Sal\u00f3monsson. Signed by author and verse. Size: 12 X 18.2 cm. 16 pages + cover. Publishing and printing : Published by the author. Reykjav\u00edk. 1960. \u00cdsafoldarprentsmi\u00f0ja.<\/p>\n","protected":false},"featured_media":3826,"template":"","meta":{"slim_seo":{"title":"Where is Gunnar's beak at Hl\u00ed\u00f0arendur? - KindArt","description":"Where is Gunnar's beak at Hl\u00ed\u00f0arendur? Wire-bound peso by P\u00e9tur H. Sal\u00f3monsson. Signed by author and verse. Size: 12 X 18.2 cm. 16 pages + cover. Publishing and"}},"product_brand":[],"product_cat":[83],"product_tag":[],"class_list":{"0":"post-3830","1":"product","2":"type-product","3":"status-publish","4":"has-post-thumbnail","6":"product_cat-books","7":"product_shipping_class-small-en","9":"first","10":"outofstock","11":"sold-individually","12":"purchasable","13":"product-type-simple"},"_links":{"self":[{"href":"https:\/\/kindart.is\/en\/wp-json\/wp\/v2\/product\/3830","targetHints":{"allow":["GET"]}}],"collection":[{"href":"https:\/\/kindart.is\/en\/wp-json\/wp\/v2\/product"}],"about":[{"href":"https:\/\/kindart.is\/en\/wp-json\/wp\/v2\/types\/product"}],"wp:featuredmedia":[{"embeddable":true,"href":"https:\/\/kindart.is\/en\/wp-json\/wp\/v2\/media\/3826"}],"wp:attachment":[{"href":"https:\/\/kindart.is\/en\/wp-json\/wp\/v2\/media?parent=3830"}],"wp:term":[{"taxonomy":"product_brand","embeddable":true,"href":"https:\/\/kindart.is\/en\/wp-json\/wp\/v2\/product_brand?post=3830"},{"taxonomy":"product_cat","embeddable":true,"href":"https:\/\/kindart.is\/en\/wp-json\/wp\/v2\/product_cat?post=3830"},{"taxonomy":"product_tag","embeddable":true,"href":"https:\/\/kindart.is\/en\/wp-json\/wp\/v2\/product_tag?post=3830"}],"curies":[{"name":"wp","href":"https:\/\/api.w.org\/{rel}","templated":true}]}}