{"id":3836,"date":"2022-04-14T15:36:13","date_gmt":"2022-04-14T15:36:56","guid":{"rendered":"https:\/\/kindart.is\/product\/the-sweetheart\/"},"modified":"2022-04-14T15:36:56","modified_gmt":"2022-04-14T15:36:56","slug":"the-sweetheart","status":"publish","type":"product","link":"https:\/\/kindart.is\/en\/vara\/the-sweetheart\/","title":{"rendered":"The sweetheart"},"content":{"rendered":"<p><strong>The sweetheart<\/strong> . The author&#8217;s story of Steinar Sigurj\u00f3nsson told in his own words and those of his fellow travelers. \u00deorsteinn Antonsson typed. The book is paperback, 13 X 21 cm in size and 142 pages.<\/p>\n<p><strong>Publishing and printing<\/strong> :<br \/>\nSagnasmi\u00f0jan (\u00de.A.) Hverager\u00f0i 2013. Layout: Selfoss Printing House. Printing: Small print, K\u00f3pavogur.<\/p>\n","protected":false},"excerpt":{"rendered":"<p>The sweetheart . The author&#8217;s story of Steinar Sigurj\u00f3nsson told in his own words and those of his fellow travelers. \u00deorsteinn Antonsson typed. The book is paperback, 13 X 21 cm in size and 142 pages. Publishing and printing : Sagnasmi\u00f0jan (\u00de.A.) Hverager\u00f0i 2013. Layout: Selfoss Printing House. Printing: Small print, K\u00f3pavogur.<\/p>\n","protected":false},"featured_media":3833,"template":"","meta":{"slim_seo":{"title":"The sweetheart - KindArt","description":"The sweetheart . The author's story of Steinar Sigurj\u00f3nsson told in his own words and those of his fellow travelers. \u00deorsteinn Antonsson typed. The book is pape"}},"product_brand":[],"product_cat":[83],"product_tag":[],"class_list":{"0":"post-3836","1":"product","2":"type-product","3":"status-publish","4":"has-post-thumbnail","6":"product_cat-books","7":"product_shipping_class-small-en","9":"first","10":"outofstock","11":"sold-individually","12":"purchasable","13":"product-type-simple"},"_links":{"self":[{"href":"https:\/\/kindart.is\/en\/wp-json\/wp\/v2\/product\/3836","targetHints":{"allow":["GET"]}}],"collection":[{"href":"https:\/\/kindart.is\/en\/wp-json\/wp\/v2\/product"}],"about":[{"href":"https:\/\/kindart.is\/en\/wp-json\/wp\/v2\/types\/product"}],"wp:featuredmedia":[{"embeddable":true,"href":"https:\/\/kindart.is\/en\/wp-json\/wp\/v2\/media\/3833"}],"wp:attachment":[{"href":"https:\/\/kindart.is\/en\/wp-json\/wp\/v2\/media?parent=3836"}],"wp:term":[{"taxonomy":"product_brand","embeddable":true,"href":"https:\/\/kindart.is\/en\/wp-json\/wp\/v2\/product_brand?post=3836"},{"taxonomy":"product_cat","embeddable":true,"href":"https:\/\/kindart.is\/en\/wp-json\/wp\/v2\/product_cat?post=3836"},{"taxonomy":"product_tag","embeddable":true,"href":"https:\/\/kindart.is\/en\/wp-json\/wp\/v2\/product_tag?post=3836"}],"curies":[{"name":"wp","href":"https:\/\/api.w.org\/{rel}","templated":true}]}}