{"id":3845,"date":"2022-04-14T15:40:41","date_gmt":"2022-04-14T15:43:34","guid":{"rendered":"https:\/\/kindart.is\/product\/the-wedding-dress\/"},"modified":"2022-04-14T15:43:34","modified_gmt":"2022-04-14T15:43:34","slug":"the-wedding-dress","status":"publish","type":"product","link":"https:\/\/kindart.is\/en\/vara\/the-wedding-dress\/","title":{"rendered":"The wedding dress"},"content":{"rendered":"<p><strong>The wedding dress<\/strong> by Kristmann Gu\u00f0mundsson. A novel translated by \u00c1rmann Halld\u00f3rsson. The book is bound in a publishing volume, binding, gilded on the front and on the keel. Color image pasted on the front panel. Size: 12.5 X 19 cm. 267 p.<\/p>\n<p><strong>Publishing and printing<\/strong> :<br \/>\nPublisher: \u00d3lafur Erlingsson. Reykjav\u00edk 1933. \u00cdsafoldarprentsmi\u00f0ja.<\/p>\n","protected":false},"excerpt":{"rendered":"<p>The wedding dress by Kristmann Gu\u00f0mundsson. A novel translated by \u00c1rmann Halld\u00f3rsson. The book is bound in a publishing volume, binding, gilded on the front and on the keel. Color image pasted on the front panel. Size: 12.5 X 19 cm. 267 p. Publishing and printing : Publisher: \u00d3lafur Erlingsson. Reykjav\u00edk 1933. \u00cdsafoldarprentsmi\u00f0ja.<\/p>\n","protected":false},"featured_media":3839,"template":"","meta":{"slim_seo":{"title":"The wedding dress - KindArt","description":"The wedding dress by Kristmann Gu\u00f0mundsson. A novel translated by \u00c1rmann Halld\u00f3rsson. The book is bound in a publishing volume, binding, gilded on the front and"}},"product_brand":[],"product_cat":[83],"product_tag":[],"class_list":{"0":"post-3845","1":"product","2":"type-product","3":"status-publish","4":"has-post-thumbnail","6":"product_cat-books","7":"product_shipping_class-small-en","9":"first","10":"instock","11":"sold-individually","12":"purchasable","13":"product-type-simple"},"_links":{"self":[{"href":"https:\/\/kindart.is\/en\/wp-json\/wp\/v2\/product\/3845","targetHints":{"allow":["GET"]}}],"collection":[{"href":"https:\/\/kindart.is\/en\/wp-json\/wp\/v2\/product"}],"about":[{"href":"https:\/\/kindart.is\/en\/wp-json\/wp\/v2\/types\/product"}],"wp:featuredmedia":[{"embeddable":true,"href":"https:\/\/kindart.is\/en\/wp-json\/wp\/v2\/media\/3839"}],"wp:attachment":[{"href":"https:\/\/kindart.is\/en\/wp-json\/wp\/v2\/media?parent=3845"}],"wp:term":[{"taxonomy":"product_brand","embeddable":true,"href":"https:\/\/kindart.is\/en\/wp-json\/wp\/v2\/product_brand?post=3845"},{"taxonomy":"product_cat","embeddable":true,"href":"https:\/\/kindart.is\/en\/wp-json\/wp\/v2\/product_cat?post=3845"},{"taxonomy":"product_tag","embeddable":true,"href":"https:\/\/kindart.is\/en\/wp-json\/wp\/v2\/product_tag?post=3845"}],"curies":[{"name":"wp","href":"https:\/\/api.w.org\/{rel}","templated":true}]}}