{"id":3857,"date":"2022-04-14T15:48:33","date_gmt":"2022-04-14T15:54:12","guid":{"rendered":"https:\/\/kindart.is\/product\/eliasarmal\/"},"modified":"2022-04-14T15:54:12","modified_gmt":"2022-04-14T15:54:12","slug":"eliasarmal-2","status":"publish","type":"product","link":"https:\/\/kindart.is\/en\/vara\/eliasarmal-2\/","title":{"rendered":"El\u00edasarm\u00e1l"},"content":{"rendered":"<p><strong>El\u00edasarm\u00e1l<\/strong> . Stories and articles by El\u00edas Mar made from manuscripts and documents by El\u00edas at the National Library of Iceland by \u00deorsteinn Antonsson. The book is paperback, 13 X 21 cm in size and 238 pages.<\/p>\n<p><strong>Publishing and printing<\/strong> :<br \/>\nSagnasmi\u00f0jan (\u00de.A.) published. Reykjav\u00edk 2014. Layout: Selfoss Printing House. Printing: University printing.<\/p>\n","protected":false},"excerpt":{"rendered":"<p>El\u00edasarm\u00e1l . Stories and articles by El\u00edas Mar made from manuscripts and documents by El\u00edas at the National Library of Iceland by \u00deorsteinn Antonsson. The book is paperback, 13 X 21 cm in size and 238 pages. Publishing and printing : Sagnasmi\u00f0jan (\u00de.A.) published. Reykjav\u00edk 2014. Layout: Selfoss Printing House. Printing: University printing.<\/p>\n","protected":false},"featured_media":3854,"template":"","meta":{"slim_seo":{"title":"El\u00edasarm\u00e1l - KindArt","description":"El\u00edasarm\u00e1l . Stories and articles by El\u00edas Mar made from manuscripts and documents by El\u00edas at the National Library of Iceland by \u00deorsteinn Antonsson. The book"}},"product_brand":[],"product_cat":[83],"product_tag":[],"class_list":{"0":"post-3857","1":"product","2":"type-product","3":"status-publish","4":"has-post-thumbnail","6":"product_cat-books","7":"product_shipping_class-small-en","9":"first","10":"outofstock","11":"sold-individually","12":"purchasable","13":"product-type-simple"},"_links":{"self":[{"href":"https:\/\/kindart.is\/en\/wp-json\/wp\/v2\/product\/3857","targetHints":{"allow":["GET"]}}],"collection":[{"href":"https:\/\/kindart.is\/en\/wp-json\/wp\/v2\/product"}],"about":[{"href":"https:\/\/kindart.is\/en\/wp-json\/wp\/v2\/types\/product"}],"wp:featuredmedia":[{"embeddable":true,"href":"https:\/\/kindart.is\/en\/wp-json\/wp\/v2\/media\/3854"}],"wp:attachment":[{"href":"https:\/\/kindart.is\/en\/wp-json\/wp\/v2\/media?parent=3857"}],"wp:term":[{"taxonomy":"product_brand","embeddable":true,"href":"https:\/\/kindart.is\/en\/wp-json\/wp\/v2\/product_brand?post=3857"},{"taxonomy":"product_cat","embeddable":true,"href":"https:\/\/kindart.is\/en\/wp-json\/wp\/v2\/product_cat?post=3857"},{"taxonomy":"product_tag","embeddable":true,"href":"https:\/\/kindart.is\/en\/wp-json\/wp\/v2\/product_tag?post=3857"}],"curies":[{"name":"wp","href":"https:\/\/api.w.org\/{rel}","templated":true}]}}