{"id":3880,"date":"2022-04-14T16:06:35","date_gmt":"2022-04-14T16:16:56","guid":{"rendered":"https:\/\/kindart.is\/product\/edda-poem-ii\/"},"modified":"2022-04-14T16:16:56","modified_gmt":"2022-04-14T16:16:56","slug":"eddu-kvaedi-ii-2","status":"publish","type":"product","link":"https:\/\/kindart.is\/en\/vara\/eddu-kvaedi-ii-2\/","title":{"rendered":"Edda poem II"},"content":{"rendered":"<p><strong>Edda poem II<\/strong> . &#8211; Edda poems are a kind of national anthem that each generation taught to the other without having any idea of their origin or authors. The book is illustrated by J\u00f3hann Briem. It is bound in a publishing band, black synthetic material, a band and gold on the front and on the keel. The size is 15.2 X 21.3 cm. 408 p. Prentsmi\u00f0jan Oddi printed.<\/p>\n<p><strong>Publishing and printing<\/strong> :<br \/>\nPublisher: Ver\u00f6ld Reykjav\u00edk 1985. \u00d3lafur Briem handled the publication.<\/p>\n","protected":false},"excerpt":{"rendered":"<p>Edda poem II . &#8211; Edda poems are a kind of national anthem that each generation taught to the other without having any idea of their origin or authors. The book is illustrated by J\u00f3hann Briem. It is bound in a publishing band, black synthetic material, a band and gold on the front and on [&hellip;]<\/p>\n","protected":false},"featured_media":3876,"template":"","meta":{"slim_seo":{"title":"Edda poem II - KindArt","description":"Edda poem II . - Edda poems are a kind of national anthem that each generation taught to the other without having any idea of their origin or authors. The book"}},"product_brand":[],"product_cat":[83],"product_tag":[],"class_list":{"0":"post-3880","1":"product","2":"type-product","3":"status-publish","4":"has-post-thumbnail","6":"product_cat-books","7":"product_shipping_class-small-en","9":"first","10":"instock","11":"sold-individually","12":"purchasable","13":"product-type-simple"},"_links":{"self":[{"href":"https:\/\/kindart.is\/en\/wp-json\/wp\/v2\/product\/3880","targetHints":{"allow":["GET"]}}],"collection":[{"href":"https:\/\/kindart.is\/en\/wp-json\/wp\/v2\/product"}],"about":[{"href":"https:\/\/kindart.is\/en\/wp-json\/wp\/v2\/types\/product"}],"wp:featuredmedia":[{"embeddable":true,"href":"https:\/\/kindart.is\/en\/wp-json\/wp\/v2\/media\/3876"}],"wp:attachment":[{"href":"https:\/\/kindart.is\/en\/wp-json\/wp\/v2\/media?parent=3880"}],"wp:term":[{"taxonomy":"product_brand","embeddable":true,"href":"https:\/\/kindart.is\/en\/wp-json\/wp\/v2\/product_brand?post=3880"},{"taxonomy":"product_cat","embeddable":true,"href":"https:\/\/kindart.is\/en\/wp-json\/wp\/v2\/product_cat?post=3880"},{"taxonomy":"product_tag","embeddable":true,"href":"https:\/\/kindart.is\/en\/wp-json\/wp\/v2\/product_tag?post=3880"}],"curies":[{"name":"wp","href":"https:\/\/api.w.org\/{rel}","templated":true}]}}