{"id":3882,"date":"2022-04-21T10:27:35","date_gmt":"2022-04-21T10:27:35","guid":{"rendered":"https:\/\/kindart.is\/?post_type=product&#038;p=3882"},"modified":"2023-09-08T16:34:57","modified_gmt":"2023-09-08T16:34:57","slug":"tilbrigdi-vid-lopapeysu-ix-a-touch-of-wool-wear-ix","status":"publish","type":"product","link":"https:\/\/kindart.is\/en\/vara\/tilbrigdi-vid-lopapeysu-ix-a-touch-of-wool-wear-ix\/","title":{"rendered":"Tilbrig\u00f0i vi\u00f0 lopapeysu IX \/ A touch of wool wear IX"},"content":{"rendered":"<p>Akr\u00fdl \/ bl\u00f6ndu\u00f0 t\u00e6kni \u00e1 striga, 30&#215;120 cm<\/p>\n<p>Acrylic \/ mixed media on canvas, 30&#215;120 cm<\/p>\n","protected":false},"excerpt":{"rendered":"<p>Akr\u00fdl \/ bl\u00f6ndu\u00f0 t\u00e6kni \u00e1 striga, 30&#215;120 cm Acrylic \/ mixed media on canvas, 30&#215;120 cm<\/p>\n","protected":false},"featured_media":3884,"template":"","meta":{"slim_seo":{"title":"Tilbrig\u00f0i vi\u00f0 lopapeysu IX \/ A touch of wool wear IX - KindArt","description":"Akr\u00fdl \/ bl\u00f6ndu\u00f0 t\u00e6kni \u00e1 striga, 30x120 cm Acrylic \/ mixed media on canvas, 30x120 cm"}},"product_brand":[],"product_cat":[67],"product_tag":[],"class_list":{"0":"post-3882","1":"product","2":"type-product","3":"status-publish","4":"has-post-thumbnail","6":"product_cat-sold","8":"first","9":"outofstock","10":"purchasable","11":"product-type-simple"},"_links":{"self":[{"href":"https:\/\/kindart.is\/en\/wp-json\/wp\/v2\/product\/3882","targetHints":{"allow":["GET"]}}],"collection":[{"href":"https:\/\/kindart.is\/en\/wp-json\/wp\/v2\/product"}],"about":[{"href":"https:\/\/kindart.is\/en\/wp-json\/wp\/v2\/types\/product"}],"wp:featuredmedia":[{"embeddable":true,"href":"https:\/\/kindart.is\/en\/wp-json\/wp\/v2\/media\/3884"}],"wp:attachment":[{"href":"https:\/\/kindart.is\/en\/wp-json\/wp\/v2\/media?parent=3882"}],"wp:term":[{"taxonomy":"product_brand","embeddable":true,"href":"https:\/\/kindart.is\/en\/wp-json\/wp\/v2\/product_brand?post=3882"},{"taxonomy":"product_cat","embeddable":true,"href":"https:\/\/kindart.is\/en\/wp-json\/wp\/v2\/product_cat?post=3882"},{"taxonomy":"product_tag","embeddable":true,"href":"https:\/\/kindart.is\/en\/wp-json\/wp\/v2\/product_tag?post=3882"}],"curies":[{"name":"wp","href":"https:\/\/api.w.org\/{rel}","templated":true}]}}