{"id":3887,"date":"2022-04-21T10:29:43","date_gmt":"2022-04-21T10:29:43","guid":{"rendered":"https:\/\/kindart.is\/?post_type=product&#038;p=3887"},"modified":"2023-09-08T16:32:08","modified_gmt":"2023-09-08T16:32:08","slug":"tilbrigdi-vid-lopapeysur-vii-a-touch-of-wool-wear-vii-30x120-cm","status":"publish","type":"product","link":"https:\/\/kindart.is\/en\/vara\/tilbrigdi-vid-lopapeysur-vii-a-touch-of-wool-wear-vii-30x120-cm\/","title":{"rendered":"Tilbrig\u00f0i vi\u00f0 lopapeysur VII \/ A touch of wool wear VII (30&#215;120 cm)"},"content":{"rendered":"<p>Akr\u00fdl \/ bl\u00f6ndu\u00f0 t\u00e6kni \u00e1 striga, 30&#215;120 cm<\/p>\n<p>Acrylic \/ mixed media on canvas, 30&#215;120 cm<\/p>\n","protected":false},"excerpt":{"rendered":"<p>Akr\u00fdl \/ bl\u00f6ndu\u00f0 t\u00e6kni \u00e1 striga, 30&#215;120 cm Acrylic \/ mixed media on canvas, 30&#215;120 cm<\/p>\n","protected":false},"featured_media":3888,"template":"","meta":{"slim_seo":{"title":"Tilbrig\u00f0i vi\u00f0 lopapeysur VII \/ A touch of wool wear VII (30x120 cm) - KindArt","description":"Akr\u00fdl \/ bl\u00f6ndu\u00f0 t\u00e6kni \u00e1 striga, 30x120 cm Acrylic \/ mixed media on canvas, 30x120 cm"}},"product_brand":[],"product_cat":[67],"product_tag":[],"class_list":{"0":"post-3887","1":"product","2":"type-product","3":"status-publish","4":"has-post-thumbnail","6":"product_cat-sold","7":"product_shipping_class-midlungs","9":"first","10":"outofstock","11":"purchasable","12":"product-type-simple"},"_links":{"self":[{"href":"https:\/\/kindart.is\/en\/wp-json\/wp\/v2\/product\/3887","targetHints":{"allow":["GET"]}}],"collection":[{"href":"https:\/\/kindart.is\/en\/wp-json\/wp\/v2\/product"}],"about":[{"href":"https:\/\/kindart.is\/en\/wp-json\/wp\/v2\/types\/product"}],"wp:featuredmedia":[{"embeddable":true,"href":"https:\/\/kindart.is\/en\/wp-json\/wp\/v2\/media\/3888"}],"wp:attachment":[{"href":"https:\/\/kindart.is\/en\/wp-json\/wp\/v2\/media?parent=3887"}],"wp:term":[{"taxonomy":"product_brand","embeddable":true,"href":"https:\/\/kindart.is\/en\/wp-json\/wp\/v2\/product_brand?post=3887"},{"taxonomy":"product_cat","embeddable":true,"href":"https:\/\/kindart.is\/en\/wp-json\/wp\/v2\/product_cat?post=3887"},{"taxonomy":"product_tag","embeddable":true,"href":"https:\/\/kindart.is\/en\/wp-json\/wp\/v2\/product_tag?post=3887"}],"curies":[{"name":"wp","href":"https:\/\/api.w.org\/{rel}","templated":true}]}}