{"id":3903,"date":"2022-04-21T10:38:42","date_gmt":"2022-04-21T10:38:42","guid":{"rendered":"https:\/\/kindart.is\/?post_type=product&#038;p=3903"},"modified":"2023-09-08T17:12:27","modified_gmt":"2023-09-08T17:12:27","slug":"husbondi-house-master-30x30-cm","status":"publish","type":"product","link":"https:\/\/kindart.is\/en\/vara\/husbondi-house-master-30x30-cm\/","title":{"rendered":"H\u00fasb\u00f3ndi \/ House master (30&#215;30 cm)"},"content":{"rendered":"<p>Akr\u00fdl \/ bl\u00f6ndu\u00f0 t\u00e6kni \u00e1 striga, 30&#215;30 cm<\/p>\n<p>Acrylic \/ mixed media on canvas, 30&#215;30 cm<\/p>\n","protected":false},"excerpt":{"rendered":"<p>Akr\u00fdl \/ bl\u00f6ndu\u00f0 t\u00e6kni \u00e1 striga, 30&#215;30 cm Acrylic \/ mixed media on canvas, 30&#215;30 cm<\/p>\n","protected":false},"featured_media":3904,"template":"","meta":{"slim_seo":{"title":"H\u00fasb\u00f3ndi \/ House master (30x30 cm) - KindArt","description":"Akr\u00fdl \/ bl\u00f6ndu\u00f0 t\u00e6kni \u00e1 striga, 30x30 cm Acrylic \/ mixed media on canvas, 30x30 cm"}},"product_brand":[],"product_cat":[67],"product_tag":[],"class_list":{"0":"post-3903","1":"product","2":"type-product","3":"status-publish","4":"has-post-thumbnail","6":"product_cat-sold","7":"product_shipping_class-litill","9":"first","10":"outofstock","11":"purchasable","12":"product-type-simple"},"_links":{"self":[{"href":"https:\/\/kindart.is\/en\/wp-json\/wp\/v2\/product\/3903","targetHints":{"allow":["GET"]}}],"collection":[{"href":"https:\/\/kindart.is\/en\/wp-json\/wp\/v2\/product"}],"about":[{"href":"https:\/\/kindart.is\/en\/wp-json\/wp\/v2\/types\/product"}],"wp:featuredmedia":[{"embeddable":true,"href":"https:\/\/kindart.is\/en\/wp-json\/wp\/v2\/media\/3904"}],"wp:attachment":[{"href":"https:\/\/kindart.is\/en\/wp-json\/wp\/v2\/media?parent=3903"}],"wp:term":[{"taxonomy":"product_brand","embeddable":true,"href":"https:\/\/kindart.is\/en\/wp-json\/wp\/v2\/product_brand?post=3903"},{"taxonomy":"product_cat","embeddable":true,"href":"https:\/\/kindart.is\/en\/wp-json\/wp\/v2\/product_cat?post=3903"},{"taxonomy":"product_tag","embeddable":true,"href":"https:\/\/kindart.is\/en\/wp-json\/wp\/v2\/product_tag?post=3903"}],"curies":[{"name":"wp","href":"https:\/\/api.w.org\/{rel}","templated":true}]}}