{"id":3911,"date":"2022-04-21T10:42:25","date_gmt":"2022-04-21T10:42:25","guid":{"rendered":"https:\/\/kindart.is\/?post_type=product&#038;p=3911"},"modified":"2023-09-08T16:31:34","modified_gmt":"2023-09-08T16:31:34","slug":"tilbrigdi-vid-lopapeysu-xii-a-touch-of-wool-wear-xii-60x120-cm","status":"publish","type":"product","link":"https:\/\/kindart.is\/en\/vara\/tilbrigdi-vid-lopapeysu-xii-a-touch-of-wool-wear-xii-60x120-cm\/","title":{"rendered":"Tilbrig\u00f0i vi\u00f0 lopapeysu XII \/ A touch of wool wear XII (60&#215;120 cm"},"content":{"rendered":"<p>Akr\u00fdl \/ bl\u00f6ndu\u00f0 t\u00e6kni \u00e1 striga, 60&#215;120 cm<\/p>\n<p>Acrylic \/ mixed media on canvas, 60&#215;120 cm<\/p>\n","protected":false},"excerpt":{"rendered":"<p>Akr\u00fdl \/ bl\u00f6ndu\u00f0 t\u00e6kni \u00e1 striga, 60&#215;120 cm Acrylic \/ mixed media on canvas, 60&#215;120 cm<\/p>\n","protected":false},"featured_media":3912,"template":"","meta":{"slim_seo":{"title":"Tilbrig\u00f0i vi\u00f0 lopapeysu XII \/ A touch of wool wear XII (60x120 cm - KindArt","description":"Akr\u00fdl \/ bl\u00f6ndu\u00f0 t\u00e6kni \u00e1 striga, 60x120 cm Acrylic \/ mixed media on canvas, 60x120 cm"}},"product_brand":[],"product_cat":[67],"product_tag":[],"class_list":{"0":"post-3911","1":"product","2":"type-product","3":"status-publish","4":"has-post-thumbnail","6":"product_cat-sold","7":"product_shipping_class-stor","9":"first","10":"outofstock","11":"purchasable","12":"product-type-simple"},"_links":{"self":[{"href":"https:\/\/kindart.is\/en\/wp-json\/wp\/v2\/product\/3911","targetHints":{"allow":["GET"]}}],"collection":[{"href":"https:\/\/kindart.is\/en\/wp-json\/wp\/v2\/product"}],"about":[{"href":"https:\/\/kindart.is\/en\/wp-json\/wp\/v2\/types\/product"}],"wp:featuredmedia":[{"embeddable":true,"href":"https:\/\/kindart.is\/en\/wp-json\/wp\/v2\/media\/3912"}],"wp:attachment":[{"href":"https:\/\/kindart.is\/en\/wp-json\/wp\/v2\/media?parent=3911"}],"wp:term":[{"taxonomy":"product_brand","embeddable":true,"href":"https:\/\/kindart.is\/en\/wp-json\/wp\/v2\/product_brand?post=3911"},{"taxonomy":"product_cat","embeddable":true,"href":"https:\/\/kindart.is\/en\/wp-json\/wp\/v2\/product_cat?post=3911"},{"taxonomy":"product_tag","embeddable":true,"href":"https:\/\/kindart.is\/en\/wp-json\/wp\/v2\/product_tag?post=3911"}],"curies":[{"name":"wp","href":"https:\/\/api.w.org\/{rel}","templated":true}]}}