{"id":3917,"date":"2022-04-21T10:53:14","date_gmt":"2022-04-21T10:53:14","guid":{"rendered":"https:\/\/kindart.is\/?post_type=product&#038;p=3917"},"modified":"2023-09-08T17:11:47","modified_gmt":"2023-09-08T17:11:47","slug":"tilbrigdi-vid-lopapeysu-viii-a-touch-of-wool-viii-35x70-cm","status":"publish","type":"product","link":"https:\/\/kindart.is\/en\/vara\/tilbrigdi-vid-lopapeysu-viii-a-touch-of-wool-viii-35x70-cm\/","title":{"rendered":"Tilbrig\u00f0i vi\u00f0 lopapeysu VIII \/ A touch of wool VIII (35&#215;70 cm)"},"content":{"rendered":"<p>Akr\u00fdl \/ bl\u00f6ndu\u00f0 t\u00e6kni \u00e1 striga, 35&#215;70 cm<\/p>\n<p>Acrylic \/ mixed media on canvas, 35&#215;70 cm<\/p>\n","protected":false},"excerpt":{"rendered":"<p>Akr\u00fdl \/ bl\u00f6ndu\u00f0 t\u00e6kni \u00e1 striga, 35&#215;70 cm Acrylic \/ mixed media on canvas, 35&#215;70 cm<\/p>\n","protected":false},"featured_media":3918,"template":"","meta":{"slim_seo":{"title":"Tilbrig\u00f0i vi\u00f0 lopapeysu VIII \/ A touch of wool VIII (35x70 cm) - KindArt","description":"Akr\u00fdl \/ bl\u00f6ndu\u00f0 t\u00e6kni \u00e1 striga, 35x70 cm Acrylic \/ mixed media on canvas, 35x70 cm"}},"product_brand":[],"product_cat":[67],"product_tag":[],"class_list":{"0":"post-3917","1":"product","2":"type-product","3":"status-publish","4":"has-post-thumbnail","6":"product_cat-sold","7":"product_shipping_class-midlungs","9":"first","10":"outofstock","11":"purchasable","12":"product-type-simple"},"_links":{"self":[{"href":"https:\/\/kindart.is\/en\/wp-json\/wp\/v2\/product\/3917","targetHints":{"allow":["GET"]}}],"collection":[{"href":"https:\/\/kindart.is\/en\/wp-json\/wp\/v2\/product"}],"about":[{"href":"https:\/\/kindart.is\/en\/wp-json\/wp\/v2\/types\/product"}],"wp:featuredmedia":[{"embeddable":true,"href":"https:\/\/kindart.is\/en\/wp-json\/wp\/v2\/media\/3918"}],"wp:attachment":[{"href":"https:\/\/kindart.is\/en\/wp-json\/wp\/v2\/media?parent=3917"}],"wp:term":[{"taxonomy":"product_brand","embeddable":true,"href":"https:\/\/kindart.is\/en\/wp-json\/wp\/v2\/product_brand?post=3917"},{"taxonomy":"product_cat","embeddable":true,"href":"https:\/\/kindart.is\/en\/wp-json\/wp\/v2\/product_cat?post=3917"},{"taxonomy":"product_tag","embeddable":true,"href":"https:\/\/kindart.is\/en\/wp-json\/wp\/v2\/product_tag?post=3917"}],"curies":[{"name":"wp","href":"https:\/\/api.w.org\/{rel}","templated":true}]}}