{"id":3945,"date":"2022-04-24T07:39:05","date_gmt":"2022-04-24T07:40:09","guid":{"rendered":"https:\/\/kindart.is\/product\/breidfirdingur-timarit-breidfirdingafelagsins\/"},"modified":"2022-04-24T07:40:09","modified_gmt":"2022-04-24T07:40:09","slug":"breidfirdingur-timarit-breidfirdingafelagsins-2","status":"publish","type":"product","link":"https:\/\/kindart.is\/en\/vara\/breidfirdingur-timarit-breidfirdingafelagsins-2\/","title":{"rendered":"Brei\u00f0fir\u00f0ingur &#8211; T\u00edmarit Brei\u00f0fir\u00f0ingaf\u00e9lagsins"},"content":{"rendered":"<p><strong>Brei\u00f0fir\u00f0ingur. Brei\u00f0fir\u00f0ingaf\u00e9lag magazine<\/strong>. 1950\u20132002, 11.\u2013 60. years. A total of 38 issues in 6 cases + 3 issues: 61st year 2003-4 and 62nd year 2008-9 + Contents 1.- 55. year, 1942-1997. A total of 41 issues.<\/p>\n<p><strong>Publishing and printing<\/strong> :<br \/>\nPublished by Brei\u00f0fir\u00f0ingaf\u00e9lagi\u00f0, Reykjav\u00edk 1950-2002. Printed in various print shops.<\/p>\n<p><strong>More information<\/strong> :<br \/>\nBrei\u00f0fir\u00f0ingur is the oldest regional magazine in Iceland. It was first published in 1942 and its size was then: 14.3 X 22.3 cm. The number of pages has varied, but in recent years close to 200 pages. each issue &#8211; The publication was not published: 1976, 1979, 1980, 2005, 2006, 2007, and 2010-2014.<br \/>\nBrei\u00f0fir\u00f0ingur was printed in F\u00e9lagsprentsmi\u00f0jan in the first years, but since then it has been printed in Borgarprent for a long time, but the place of printing is often not mentioned. From 1983 it was printed in Prentsm. Edda, but then in Prentsm. \u00c1rni Valdemarsson, Gutenberg and Steind\u00f3rsprent \/ Gutenberg. After Svavar Gestsson took over the editorial board in 2015, it was printed in Leturprent.<\/p>\n","protected":false},"excerpt":{"rendered":"<p>Brei\u00f0fir\u00f0ingur. Brei\u00f0fir\u00f0ingaf\u00e9lag magazine. 1950\u20132002, 11.\u2013 60. years. A total of 38 issues in 6 cases + 3 issues: 61st year 2003-4 and 62nd year 2008-9 + Contents 1.- 55. year, 1942-1997. A total of 41 issues. Publishing and printing : Published by Brei\u00f0fir\u00f0ingaf\u00e9lagi\u00f0, Reykjav\u00edk 1950-2002. Printed in various print shops. More information : Brei\u00f0fir\u00f0ingur is [&hellip;]<\/p>\n","protected":false},"featured_media":3938,"template":"","meta":{"slim_seo":{"title":"Brei\u00f0fir\u00f0ingur - T\u00edmarit Brei\u00f0fir\u00f0ingaf\u00e9lagsins - KindArt","description":"Brei\u00f0fir\u00f0ingur. Brei\u00f0fir\u00f0ingaf\u00e9lag magazine . 1950\u20132002, 11.\u2013 60. years. A total of 38 issues in 6 cases + 3 issues: 61st year 2003-4 and 62nd year 2008-9 + Con"}},"product_brand":[],"product_cat":[83],"product_tag":[],"class_list":{"0":"post-3945","1":"product","2":"type-product","3":"status-publish","4":"has-post-thumbnail","6":"product_cat-books","7":"product_shipping_class-large-en","9":"first","10":"outofstock","11":"sold-individually","12":"purchasable","13":"product-type-simple"},"_links":{"self":[{"href":"https:\/\/kindart.is\/en\/wp-json\/wp\/v2\/product\/3945","targetHints":{"allow":["GET"]}}],"collection":[{"href":"https:\/\/kindart.is\/en\/wp-json\/wp\/v2\/product"}],"about":[{"href":"https:\/\/kindart.is\/en\/wp-json\/wp\/v2\/types\/product"}],"wp:featuredmedia":[{"embeddable":true,"href":"https:\/\/kindart.is\/en\/wp-json\/wp\/v2\/media\/3938"}],"wp:attachment":[{"href":"https:\/\/kindart.is\/en\/wp-json\/wp\/v2\/media?parent=3945"}],"wp:term":[{"taxonomy":"product_brand","embeddable":true,"href":"https:\/\/kindart.is\/en\/wp-json\/wp\/v2\/product_brand?post=3945"},{"taxonomy":"product_cat","embeddable":true,"href":"https:\/\/kindart.is\/en\/wp-json\/wp\/v2\/product_cat?post=3945"},{"taxonomy":"product_tag","embeddable":true,"href":"https:\/\/kindart.is\/en\/wp-json\/wp\/v2\/product_tag?post=3945"}],"curies":[{"name":"wp","href":"https:\/\/api.w.org\/{rel}","templated":true}]}}