{"id":3957,"date":"2022-04-30T15:53:13","date_gmt":"2022-04-30T15:54:01","guid":{"rendered":"https:\/\/kindart.is\/product\/hveragerdi-is-the-best-place-in-the-world\/"},"modified":"2022-04-30T15:54:01","modified_gmt":"2022-04-30T15:54:01","slug":"hveragerdi-is-the-world-best-place-2","status":"publish","type":"product","link":"https:\/\/kindart.is\/en\/vara\/hveragerdi-is-the-world-best-place-2\/","title":{"rendered":"HVERAGER\u00d0I is the best place in the world"},"content":{"rendered":"<p><strong>HVERAGER\u00d0I is the best place in the world<\/strong><\/p>\n<p><strong>About the work<\/strong> :<br \/>\nThese verses were first published for the exhibition &#8220;Blooming Days&#8221; in Hverager\u00f0i 2011 and tells about the preparations in the preface and also as to who wrote these verses in Sk\u00e1ldagatan in 1942 or 43. They were J\u00f3hannes \u00far K\u00e4flar, Kristmann Gu\u00f0mundsson and Rev. Helgi Sveinsson. Forty-three villagers are mentioned in 37 errands. Then there are Gamanv\u00edsur by J\u00f3hannes from 1946 and a lecture by Reverend Helgi Sveinsson: Hverager\u00f0i &#8211; &#8220;the best place in the world&#8221; which he performed in 1951. Finally, they say goodbye to Reverend Helgi and J\u00f3hannes, first in 1953 and then in 1956. &#8211; The booklet is wire-bound in a thin cover, and this is the second printing, because the first printing was with a thick cardboard cover. The book is 14.8 X 21 cm and 44 pages. to size. Layout and design: P\u00e1ll Svansson.<\/p>\n<p><strong>Publishing and printing<\/strong> :<br \/>\nPublisher and supervisor: Svanur J\u00f3hannesson and Ragnhei\u00f0ur Ragnarsd\u00f3ttir Hverager\u00f0i 2011. Printing: Prentsmi\u00f0jan Oddi Reykjav\u00edk.<\/p>\n","protected":false},"excerpt":{"rendered":"<p>HVERAGER\u00d0I is the best place in the world About the work : These verses were first published for the exhibition &#8220;Blooming Days&#8221; in Hverager\u00f0i 2011 and tells about the preparations in the preface and also as to who wrote these verses in Sk\u00e1ldagatan in 1942 or 43. They were J\u00f3hannes \u00far K\u00e4flar, Kristmann Gu\u00f0mundsson and [&hellip;]<\/p>\n","protected":false},"featured_media":3955,"template":"","meta":{"slim_seo":{"title":"HVERAGER\u00d0I is the best place in the world - KindArt","description":"HVERAGER\u00d0I is the best place in the world About the work : These verses were first published for the exhibition \"Blooming Days\" in Hverager\u00f0i 2011 and tells abo"}},"product_brand":[],"product_cat":[83],"product_tag":[],"class_list":{"0":"post-3957","1":"product","2":"type-product","3":"status-publish","4":"has-post-thumbnail","6":"product_cat-books","7":"product_shipping_class-small-en","9":"first","10":"instock","11":"purchasable","12":"product-type-simple"},"_links":{"self":[{"href":"https:\/\/kindart.is\/en\/wp-json\/wp\/v2\/product\/3957","targetHints":{"allow":["GET"]}}],"collection":[{"href":"https:\/\/kindart.is\/en\/wp-json\/wp\/v2\/product"}],"about":[{"href":"https:\/\/kindart.is\/en\/wp-json\/wp\/v2\/types\/product"}],"wp:featuredmedia":[{"embeddable":true,"href":"https:\/\/kindart.is\/en\/wp-json\/wp\/v2\/media\/3955"}],"wp:attachment":[{"href":"https:\/\/kindart.is\/en\/wp-json\/wp\/v2\/media?parent=3957"}],"wp:term":[{"taxonomy":"product_brand","embeddable":true,"href":"https:\/\/kindart.is\/en\/wp-json\/wp\/v2\/product_brand?post=3957"},{"taxonomy":"product_cat","embeddable":true,"href":"https:\/\/kindart.is\/en\/wp-json\/wp\/v2\/product_cat?post=3957"},{"taxonomy":"product_tag","embeddable":true,"href":"https:\/\/kindart.is\/en\/wp-json\/wp\/v2\/product_tag?post=3957"}],"curies":[{"name":"wp","href":"https:\/\/api.w.org\/{rel}","templated":true}]}}