{"id":3966,"date":"2022-04-30T16:02:48","date_gmt":"2022-04-30T16:03:27","guid":{"rendered":"https:\/\/kindart.is\/product\/a-collection-of-poems-by-ragnar-s-helgason\/"},"modified":"2022-04-30T17:36:14","modified_gmt":"2022-04-30T17:36:14","slug":"ljodasafn-eftir-ragnar-s-helgason","status":"publish","type":"product","link":"https:\/\/kindart.is\/en\/vara\/ljodasafn-eftir-ragnar-s-helgason\/","title":{"rendered":"A collection of poems by Ragnar S. Helgason"},"content":{"rendered":"<p><strong>A collection of poems by Ragnar S. Helgason<\/strong> . Photo of the author and his signature. The book is in good condition, bound with gilding on the front and on the keel. Size: 14 X 21.5 cm. Contents are Ragnar&#8217;s poems that appeared in his book <em>Autumn winds<\/em> from 1960 and in addition previously unprinted poems, birthday poems, afterwords and then follow verses and poems from friends and acquaintances.<\/p>\n<p><strong>Publishing and printing<\/strong> :<br \/>\nThe author published. Supervision: Svanur J\u00f3hannesson and Ragnhei\u00f0ur Ragnarsd\u00f3ttir. Printing: Viking print.<\/p>\n","protected":false},"excerpt":{"rendered":"<p>A collection of poems by Ragnar S. Helgason . Photo of the author and his signature. The book is in good condition, bound with gilding on the front and on the keel. Size: 14 X 21.5 cm. Contents are Ragnar&#8217;s poems that appeared in his book Autumn winds from 1960 and in addition previously unprinted [&hellip;]<\/p>\n","protected":false},"featured_media":3962,"template":"","meta":{"slim_seo":{"title":"A collection of poems by Ragnar S. Helgason - KindArt","description":"A collection of poems by Ragnar S. Helgason . Photo of the author and his signature. The book is in good condition, bound with gilding on the front and on the k"}},"product_brand":[],"product_cat":[83],"product_tag":[],"class_list":{"0":"post-3966","1":"product","2":"type-product","3":"status-publish","4":"has-post-thumbnail","6":"product_cat-books","7":"product_shipping_class-small-en","9":"first","10":"outofstock","11":"sold-individually","12":"purchasable","13":"product-type-simple"},"_links":{"self":[{"href":"https:\/\/kindart.is\/en\/wp-json\/wp\/v2\/product\/3966","targetHints":{"allow":["GET"]}}],"collection":[{"href":"https:\/\/kindart.is\/en\/wp-json\/wp\/v2\/product"}],"about":[{"href":"https:\/\/kindart.is\/en\/wp-json\/wp\/v2\/types\/product"}],"wp:featuredmedia":[{"embeddable":true,"href":"https:\/\/kindart.is\/en\/wp-json\/wp\/v2\/media\/3962"}],"wp:attachment":[{"href":"https:\/\/kindart.is\/en\/wp-json\/wp\/v2\/media?parent=3966"}],"wp:term":[{"taxonomy":"product_brand","embeddable":true,"href":"https:\/\/kindart.is\/en\/wp-json\/wp\/v2\/product_brand?post=3966"},{"taxonomy":"product_cat","embeddable":true,"href":"https:\/\/kindart.is\/en\/wp-json\/wp\/v2\/product_cat?post=3966"},{"taxonomy":"product_tag","embeddable":true,"href":"https:\/\/kindart.is\/en\/wp-json\/wp\/v2\/product_tag?post=3966"}],"curies":[{"name":"wp","href":"https:\/\/api.w.org\/{rel}","templated":true}]}}