{"id":3972,"date":"2022-04-30T16:10:18","date_gmt":"2022-04-30T16:11:32","guid":{"rendered":"https:\/\/kindart.is\/product\/printing-plant-copies\/"},"modified":"2022-04-30T16:11:32","modified_gmt":"2022-04-30T16:11:32","slug":"prentsmidjueintok-2","status":"publish","type":"product","link":"https:\/\/kindart.is\/en\/vara\/prentsmidjueintok-2\/","title":{"rendered":"Printing plant copies"},"content":{"rendered":"<p><strong>Printing plant copies<\/strong> . Exhibition catalog at the Library Exhibition at the National and University Library of Iceland 7. February &#8211; 16. August 2015. 137 books and pamphlets from Svan J\u00f3hannesson&#8217;s collection were shown. One copy from each print shop called print shop copies. In addition, various significant books from the history of printing owned by the National and University Library, etc., were shown. The text in the exhibition catalog was written by Svan J\u00f3hannesson and \u00d3lafur Engilbertsson, but P\u00e1ll Svansson was in charge of layout and design. Size: 14.8 X 21 cm and is a sheet or 8 pages.<\/p>\n<p><strong>Publishing and printing<\/strong> :<br \/>\nLandsb\u00f3kasafn \u00cdslands &#8211; H\u00e1sk\u00f3lab\u00f3kasafn published the exhibition catalog. Reykjav\u00edk 2015. Printing: Ecological printing-Gu\u00f0j\u00f3n\u00d3.<\/p>\n","protected":false},"excerpt":{"rendered":"<p>Printing plant copies . Exhibition catalog at the Library Exhibition at the National and University Library of Iceland 7. February &#8211; 16. August 2015. 137 books and pamphlets from Svan J\u00f3hannesson&#8217;s collection were shown. One copy from each print shop called print shop copies. In addition, various significant books from the history of printing owned [&hellip;]<\/p>\n","protected":false},"featured_media":3970,"template":"","meta":{"slim_seo":{"title":"Printing plant copies - KindArt","description":"Printing plant copies . Exhibition catalog at the Library Exhibition at the National and University Library of Iceland 7. February - 16. August 2015. 137 books"}},"product_brand":[],"product_cat":[83],"product_tag":[],"class_list":{"0":"post-3972","1":"product","2":"type-product","3":"status-publish","4":"has-post-thumbnail","6":"product_cat-books","7":"product_shipping_class-small-en","9":"first","10":"instock","11":"purchasable","12":"product-type-simple"},"_links":{"self":[{"href":"https:\/\/kindart.is\/en\/wp-json\/wp\/v2\/product\/3972","targetHints":{"allow":["GET"]}}],"collection":[{"href":"https:\/\/kindart.is\/en\/wp-json\/wp\/v2\/product"}],"about":[{"href":"https:\/\/kindart.is\/en\/wp-json\/wp\/v2\/types\/product"}],"wp:featuredmedia":[{"embeddable":true,"href":"https:\/\/kindart.is\/en\/wp-json\/wp\/v2\/media\/3970"}],"wp:attachment":[{"href":"https:\/\/kindart.is\/en\/wp-json\/wp\/v2\/media?parent=3972"}],"wp:term":[{"taxonomy":"product_brand","embeddable":true,"href":"https:\/\/kindart.is\/en\/wp-json\/wp\/v2\/product_brand?post=3972"},{"taxonomy":"product_cat","embeddable":true,"href":"https:\/\/kindart.is\/en\/wp-json\/wp\/v2\/product_cat?post=3972"},{"taxonomy":"product_tag","embeddable":true,"href":"https:\/\/kindart.is\/en\/wp-json\/wp\/v2\/product_tag?post=3972"}],"curies":[{"name":"wp","href":"https:\/\/api.w.org\/{rel}","templated":true}]}}