{"id":3982,"date":"2022-04-30T16:20:49","date_gmt":"2022-04-30T16:21:21","guid":{"rendered":"https:\/\/kindart.is\/product\/printing-plant-copies\/"},"modified":"2022-04-30T16:21:21","modified_gmt":"2022-04-30T16:21:21","slug":"prentsmidjueintok-2-2","status":"publish","type":"product","link":"https:\/\/kindart.is\/en\/vara\/prentsmidjueintok-2-2\/","title":{"rendered":"Printing plant copies"},"content":{"rendered":"<p><strong>Printing plant copies<\/strong> . The printing history of Iceland by Svan J\u00f3hannesson. He tells in the preface about the origin of the book. He started posting various things about print shops on his Facebook page and it caught on and he was encouraged to publish this in a book and it worked out. Around the same time or in the autumn of 2014, he held an exhibition at the Library in Hverager\u00f0i of the books he had written about, and this still came to his notice and evoked the idea of a print museum. The book is glued and placed in a cardboard cover and cut. 14.8 X 21 cm in size and 192 pages. Layout and image processing: P\u00e1ll Svansson.<\/p>\n<p><strong>Publishing and printing<\/strong> :<br \/>\nThe author published. 1st edition Hverager\u00f0i 2014. Printing: Prentsmi\u00f0jan Oddi, Reykjav\u00edk.<\/p>\n","protected":false},"excerpt":{"rendered":"<p>Printing plant copies . The printing history of Iceland by Svan J\u00f3hannesson. He tells in the preface about the origin of the book. He started posting various things about print shops on his Facebook page and it caught on and he was encouraged to publish this in a book and it worked out. Around the [&hellip;]<\/p>\n","protected":false},"featured_media":3976,"template":"","meta":{"slim_seo":{"title":"Printing plant copies - KindArt","description":"Printing plant copies . The printing history of Iceland by Svan J\u00f3hannesson. He tells in the preface about the origin of the book. He started posting various th"}},"product_brand":[],"product_cat":[83],"product_tag":[],"class_list":{"0":"post-3982","1":"product","2":"type-product","3":"status-publish","4":"has-post-thumbnail","6":"product_cat-books","7":"product_shipping_class-small-en","9":"first","10":"instock","11":"purchasable","12":"product-type-simple"},"_links":{"self":[{"href":"https:\/\/kindart.is\/en\/wp-json\/wp\/v2\/product\/3982","targetHints":{"allow":["GET"]}}],"collection":[{"href":"https:\/\/kindart.is\/en\/wp-json\/wp\/v2\/product"}],"about":[{"href":"https:\/\/kindart.is\/en\/wp-json\/wp\/v2\/types\/product"}],"wp:featuredmedia":[{"embeddable":true,"href":"https:\/\/kindart.is\/en\/wp-json\/wp\/v2\/media\/3976"}],"wp:attachment":[{"href":"https:\/\/kindart.is\/en\/wp-json\/wp\/v2\/media?parent=3982"}],"wp:term":[{"taxonomy":"product_brand","embeddable":true,"href":"https:\/\/kindart.is\/en\/wp-json\/wp\/v2\/product_brand?post=3982"},{"taxonomy":"product_cat","embeddable":true,"href":"https:\/\/kindart.is\/en\/wp-json\/wp\/v2\/product_cat?post=3982"},{"taxonomy":"product_tag","embeddable":true,"href":"https:\/\/kindart.is\/en\/wp-json\/wp\/v2\/product_tag?post=3982"}],"curies":[{"name":"wp","href":"https:\/\/api.w.org\/{rel}","templated":true}]}}