{"id":3993,"date":"2022-04-30T16:35:32","date_gmt":"2022-04-30T16:36:07","guid":{"rendered":"https:\/\/kindart.is\/product\/printing-plant-copies\/"},"modified":"2022-04-30T16:36:07","modified_gmt":"2022-04-30T16:36:07","slug":"prentsmidjueintok-4-2","status":"publish","type":"product","link":"https:\/\/kindart.is\/en\/vara\/prentsmidjueintok-4-2\/","title":{"rendered":"Printing plant copies"},"content":{"rendered":"<p><strong>Printing plant copies<\/strong> . Icelandic print history. A list of Svan J\u00f3hannesson&#8217;s print shop copies that were shown in the Library in Hverager\u00f0i 27. September &#8211; 5. November 2014. Following on from his collection and in connection with the exhibition, Svanur J\u00f3hannesson published the book Prentsmi\u00f0jueint\u00f6k &#8211; Prentsaga \u00cdslands with information about the printing works and books listed in this list. Size: 14.8 X 21 cm and is a sheet or 8 pages.<\/p>\n<p><strong>Publishing and printing<\/strong> :<br \/>\nThe library in Hverager\u00f0i and Svanur J\u00f3hannesson published the list. Hverager\u00f0i 2014. The place of printing is not mentioned.<\/p>\n","protected":false},"excerpt":{"rendered":"<p>Printing plant copies . Icelandic print history. A list of Svan J\u00f3hannesson&#8217;s print shop copies that were shown in the Library in Hverager\u00f0i 27. September &#8211; 5. November 2014. Following on from his collection and in connection with the exhibition, Svanur J\u00f3hannesson published the book Prentsmi\u00f0jueint\u00f6k &#8211; Prentsaga \u00cdslands with information about the printing works [&hellip;]<\/p>\n","protected":false},"featured_media":3991,"template":"","meta":{"slim_seo":{"title":"Printing plant copies - KindArt","description":"Printing plant copies . Icelandic print history. A list of Svan J\u00f3hannesson's print shop copies that were shown in the Library in Hverager\u00f0i 27. September - 5."}},"product_brand":[],"product_cat":[83],"product_tag":[],"class_list":{"0":"post-3993","1":"product","2":"type-product","3":"status-publish","4":"has-post-thumbnail","6":"product_cat-books","7":"product_shipping_class-small-en","9":"first","10":"outofstock","11":"sold-individually","12":"purchasable","13":"product-type-simple"},"_links":{"self":[{"href":"https:\/\/kindart.is\/en\/wp-json\/wp\/v2\/product\/3993","targetHints":{"allow":["GET"]}}],"collection":[{"href":"https:\/\/kindart.is\/en\/wp-json\/wp\/v2\/product"}],"about":[{"href":"https:\/\/kindart.is\/en\/wp-json\/wp\/v2\/types\/product"}],"wp:featuredmedia":[{"embeddable":true,"href":"https:\/\/kindart.is\/en\/wp-json\/wp\/v2\/media\/3991"}],"wp:attachment":[{"href":"https:\/\/kindart.is\/en\/wp-json\/wp\/v2\/media?parent=3993"}],"wp:term":[{"taxonomy":"product_brand","embeddable":true,"href":"https:\/\/kindart.is\/en\/wp-json\/wp\/v2\/product_brand?post=3993"},{"taxonomy":"product_cat","embeddable":true,"href":"https:\/\/kindart.is\/en\/wp-json\/wp\/v2\/product_cat?post=3993"},{"taxonomy":"product_tag","embeddable":true,"href":"https:\/\/kindart.is\/en\/wp-json\/wp\/v2\/product_tag?post=3993"}],"curies":[{"name":"wp","href":"https:\/\/api.w.org\/{rel}","templated":true}]}}