{"id":4003,"date":"2022-05-28T11:39:53","date_gmt":"2022-05-28T11:39:53","guid":{"rendered":"https:\/\/kindart.is\/?post_type=product&#038;p=4003"},"modified":"2023-09-08T16:29:12","modified_gmt":"2023-09-08T16:29:12","slug":"fjoruferd-a-trip-to-the-shoreline","status":"publish","type":"product","link":"https:\/\/kindart.is\/en\/vara\/fjoruferd-a-trip-to-the-shoreline\/","title":{"rendered":"Fj\u00f6rufer\u00f0 \/ A trip to the shoreline (30&#215;120 cm)"},"content":{"rendered":"<p>Akr\u00fdl \/ bl\u00f6ndu\u00f0 t\u00e6kni \u00e1 striga, 30&#215;120<\/p>\n<p>Acrylic \/ mixed media on canvas, 30&#215;120 cm<\/p>\n<p>(2022)<\/p>\n","protected":false},"excerpt":{"rendered":"<p>Akr\u00fdl \/ bl\u00f6ndu\u00f0 t\u00e6kni \u00e1 striga, 30&#215;120 Acrylic \/ mixed media on canvas, 30&#215;120 cm (2022)<\/p>\n","protected":false},"featured_media":4004,"template":"","meta":{"slim_seo":{"title":"Fj\u00f6rufer\u00f0 \/ A trip to the shoreline (30x120 cm) - KindArt","description":"Akr\u00fdl \/ bl\u00f6ndu\u00f0 t\u00e6kni \u00e1 striga, 30x120 Acrylic \/ mixed media on canvas, 30x120 cm (2022)"}},"product_brand":[],"product_cat":[67],"product_tag":[],"class_list":{"0":"post-4003","1":"product","2":"type-product","3":"status-publish","4":"has-post-thumbnail","6":"product_cat-sold","8":"first","9":"outofstock","10":"purchasable","11":"product-type-simple"},"_links":{"self":[{"href":"https:\/\/kindart.is\/en\/wp-json\/wp\/v2\/product\/4003","targetHints":{"allow":["GET"]}}],"collection":[{"href":"https:\/\/kindart.is\/en\/wp-json\/wp\/v2\/product"}],"about":[{"href":"https:\/\/kindart.is\/en\/wp-json\/wp\/v2\/types\/product"}],"wp:featuredmedia":[{"embeddable":true,"href":"https:\/\/kindart.is\/en\/wp-json\/wp\/v2\/media\/4004"}],"wp:attachment":[{"href":"https:\/\/kindart.is\/en\/wp-json\/wp\/v2\/media?parent=4003"}],"wp:term":[{"taxonomy":"product_brand","embeddable":true,"href":"https:\/\/kindart.is\/en\/wp-json\/wp\/v2\/product_brand?post=4003"},{"taxonomy":"product_cat","embeddable":true,"href":"https:\/\/kindart.is\/en\/wp-json\/wp\/v2\/product_cat?post=4003"},{"taxonomy":"product_tag","embeddable":true,"href":"https:\/\/kindart.is\/en\/wp-json\/wp\/v2\/product_tag?post=4003"}],"curies":[{"name":"wp","href":"https:\/\/api.w.org\/{rel}","templated":true}]}}