{"id":4007,"date":"2022-05-28T11:43:38","date_gmt":"2022-05-28T11:43:38","guid":{"rendered":"https:\/\/kindart.is\/?post_type=product&#038;p=4007"},"modified":"2023-09-08T16:28:48","modified_gmt":"2023-09-08T16:28:48","slug":"i-flaedarmali-at-the-coast-30x120-cm","status":"publish","type":"product","link":"https:\/\/kindart.is\/en\/vara\/i-flaedarmali-at-the-coast-30x120-cm\/","title":{"rendered":"\u00cd fl\u00e6\u00f0arm\u00e1li \/ At the coast (30&#215;120 cm)"},"content":{"rendered":"<p>Akr\u00fdl \/ bl\u00f6ndu\u00f0 t\u00e6kni \u00e1 striga, 30&#215;120 cm<\/p>\n<p>Acrylic \/ mixed media on canvas, 30&#215;120 cm<\/p>\n<p>(2022)<\/p>\n","protected":false},"excerpt":{"rendered":"<p>Akr\u00fdl \/ bl\u00f6ndu\u00f0 t\u00e6kni \u00e1 striga, 30&#215;120 cm Acrylic \/ mixed media on canvas, 30&#215;120 cm (2022)<\/p>\n","protected":false},"featured_media":4008,"template":"","meta":{"slim_seo":{"title":"\u00cd fl\u00e6\u00f0arm\u00e1li \/ At the coast (30x120 cm) - KindArt","description":"Akr\u00fdl \/ bl\u00f6ndu\u00f0 t\u00e6kni \u00e1 striga, 30x120 cm Acrylic \/ mixed media on canvas, 30x120 cm (2022)"}},"product_brand":[],"product_cat":[67],"product_tag":[],"class_list":{"0":"post-4007","1":"product","2":"type-product","3":"status-publish","4":"has-post-thumbnail","6":"product_cat-sold","7":"product_shipping_class-midlungs","9":"first","10":"outofstock","11":"purchasable","12":"product-type-simple"},"_links":{"self":[{"href":"https:\/\/kindart.is\/en\/wp-json\/wp\/v2\/product\/4007","targetHints":{"allow":["GET"]}}],"collection":[{"href":"https:\/\/kindart.is\/en\/wp-json\/wp\/v2\/product"}],"about":[{"href":"https:\/\/kindart.is\/en\/wp-json\/wp\/v2\/types\/product"}],"wp:featuredmedia":[{"embeddable":true,"href":"https:\/\/kindart.is\/en\/wp-json\/wp\/v2\/media\/4008"}],"wp:attachment":[{"href":"https:\/\/kindart.is\/en\/wp-json\/wp\/v2\/media?parent=4007"}],"wp:term":[{"taxonomy":"product_brand","embeddable":true,"href":"https:\/\/kindart.is\/en\/wp-json\/wp\/v2\/product_brand?post=4007"},{"taxonomy":"product_cat","embeddable":true,"href":"https:\/\/kindart.is\/en\/wp-json\/wp\/v2\/product_cat?post=4007"},{"taxonomy":"product_tag","embeddable":true,"href":"https:\/\/kindart.is\/en\/wp-json\/wp\/v2\/product_tag?post=4007"}],"curies":[{"name":"wp","href":"https:\/\/api.w.org\/{rel}","templated":true}]}}