{"id":4012,"date":"2022-05-28T11:55:10","date_gmt":"2022-05-28T11:55:10","guid":{"rendered":"https:\/\/kindart.is\/?post_type=product&#038;p=4012"},"modified":"2022-05-28T11:56:47","modified_gmt":"2022-05-28T11:56:47","slug":"fedgar-i-fjoru-father-and-son-40x50-cm","status":"publish","type":"product","link":"https:\/\/kindart.is\/en\/vara\/fedgar-i-fjoru-father-and-son-40x50-cm\/","title":{"rendered":"Fe\u00f0gar \u00ed fj\u00f6ru \/ Father and son (40&#215;50 cm)"},"content":{"rendered":"<p>Akr\u00fdl \/ bl\u00f6ndu\u00f0 t\u00e6kni \u00e1 striga, 40&#215;50 cm<\/p>\n<p>Acrylic \/ mixed media on canvas, 40&#215;50 cm<\/p>\n<p>(2022)<\/p>\n","protected":false},"excerpt":{"rendered":"<p>Akr\u00fdl \/ bl\u00f6ndu\u00f0 t\u00e6kni \u00e1 striga, 40&#215;50 cm Acrylic \/ mixed media on canvas, 40&#215;50 cm (2022)<\/p>\n","protected":false},"featured_media":4013,"template":"","meta":{"slim_seo":{"title":"Fe\u00f0gar \u00ed fj\u00f6ru \/ Father and son (40x50 cm) - KindArt","description":"Akr\u00fdl \/ bl\u00f6ndu\u00f0 t\u00e6kni \u00e1 striga, 40x50 cm Acrylic \/ mixed media on canvas, 40x50 cm (2022)"}},"product_brand":[],"product_cat":[56],"product_tag":[],"class_list":{"0":"post-4012","1":"product","2":"type-product","3":"status-publish","4":"has-post-thumbnail","6":"product_cat-listaverk","7":"product_shipping_class-litill","9":"first","10":"instock","11":"taxable","12":"shipping-taxable","13":"purchasable","14":"product-type-simple"},"_links":{"self":[{"href":"https:\/\/kindart.is\/en\/wp-json\/wp\/v2\/product\/4012","targetHints":{"allow":["GET"]}}],"collection":[{"href":"https:\/\/kindart.is\/en\/wp-json\/wp\/v2\/product"}],"about":[{"href":"https:\/\/kindart.is\/en\/wp-json\/wp\/v2\/types\/product"}],"wp:featuredmedia":[{"embeddable":true,"href":"https:\/\/kindart.is\/en\/wp-json\/wp\/v2\/media\/4013"}],"wp:attachment":[{"href":"https:\/\/kindart.is\/en\/wp-json\/wp\/v2\/media?parent=4012"}],"wp:term":[{"taxonomy":"product_brand","embeddable":true,"href":"https:\/\/kindart.is\/en\/wp-json\/wp\/v2\/product_brand?post=4012"},{"taxonomy":"product_cat","embeddable":true,"href":"https:\/\/kindart.is\/en\/wp-json\/wp\/v2\/product_cat?post=4012"},{"taxonomy":"product_tag","embeddable":true,"href":"https:\/\/kindart.is\/en\/wp-json\/wp\/v2\/product_tag?post=4012"}],"curies":[{"name":"wp","href":"https:\/\/api.w.org\/{rel}","templated":true}]}}