{"id":4029,"date":"2022-05-28T12:18:30","date_gmt":"2022-05-28T12:18:30","guid":{"rendered":"https:\/\/kindart.is\/?post_type=product&#038;p=4029"},"modified":"2023-09-08T17:09:26","modified_gmt":"2023-09-08T17:09:26","slug":"radskona-oskast-housekeeper-wanted-30x40-cm","status":"publish","type":"product","link":"https:\/\/kindart.is\/en\/vara\/radskona-oskast-housekeeper-wanted-30x40-cm\/","title":{"rendered":"R\u00e1\u00f0skona \u00f3skast \/ Housekeeper wanted (30&#215;40 cm)"},"content":{"rendered":"<p>Akr\u00fdl \/ bl\u00f6ndu\u00f0 t\u00e6kni \u00e1 striga, 30&#215;40 cm<\/p>\n<p>Acrylic \/ mixed media on canvas, 30&#215;40 cm<\/p>\n<p>(2022)<\/p>\n","protected":false},"excerpt":{"rendered":"<p>Akr\u00fdl \/ bl\u00f6ndu\u00f0 t\u00e6kni \u00e1 striga, 30&#215;40 cm Acrylic \/ mixed media on canvas, 30&#215;40 cm (2022)<\/p>\n","protected":false},"featured_media":4030,"template":"","meta":{"slim_seo":{"title":"R\u00e1\u00f0skona \u00f3skast \/ Housekeeper wanted (30x40 cm) - KindArt","description":"Akr\u00fdl \/ bl\u00f6ndu\u00f0 t\u00e6kni \u00e1 striga, 30x40 cm Acrylic \/ mixed media on canvas, 30x40 cm (2022)"}},"product_brand":[],"product_cat":[56],"product_tag":[],"class_list":{"0":"post-4029","1":"product","2":"type-product","3":"status-publish","4":"has-post-thumbnail","6":"product_cat-listaverk","7":"product_shipping_class-litill","9":"first","10":"instock","11":"purchasable","12":"product-type-simple"},"_links":{"self":[{"href":"https:\/\/kindart.is\/en\/wp-json\/wp\/v2\/product\/4029","targetHints":{"allow":["GET"]}}],"collection":[{"href":"https:\/\/kindart.is\/en\/wp-json\/wp\/v2\/product"}],"about":[{"href":"https:\/\/kindart.is\/en\/wp-json\/wp\/v2\/types\/product"}],"wp:featuredmedia":[{"embeddable":true,"href":"https:\/\/kindart.is\/en\/wp-json\/wp\/v2\/media\/4030"}],"wp:attachment":[{"href":"https:\/\/kindart.is\/en\/wp-json\/wp\/v2\/media?parent=4029"}],"wp:term":[{"taxonomy":"product_brand","embeddable":true,"href":"https:\/\/kindart.is\/en\/wp-json\/wp\/v2\/product_brand?post=4029"},{"taxonomy":"product_cat","embeddable":true,"href":"https:\/\/kindart.is\/en\/wp-json\/wp\/v2\/product_cat?post=4029"},{"taxonomy":"product_tag","embeddable":true,"href":"https:\/\/kindart.is\/en\/wp-json\/wp\/v2\/product_tag?post=4029"}],"curies":[{"name":"wp","href":"https:\/\/api.w.org\/{rel}","templated":true}]}}