{"id":4054,"date":"2022-05-28T13:10:06","date_gmt":"2022-05-28T13:10:06","guid":{"rendered":"https:\/\/kindart.is\/?post_type=product&#038;p=4054"},"modified":"2023-09-08T17:05:06","modified_gmt":"2023-09-08T17:05:06","slug":"lambamodir-lamb-mother-20x25-cm","status":"publish","type":"product","link":"https:\/\/kindart.is\/en\/vara\/lambamodir-lamb-mother-20x25-cm\/","title":{"rendered":"Lambam\u00f3\u00f0ir \/ Lamb mother (20&#215;25 cm)"},"content":{"rendered":"<p>Akr\u00fdl \/ bl\u00f6ndu\u00f0 t\u00e6kni \u00e1 striga, 20&#215;25 cm<\/p>\n<p>Acrylic \/ mixed media on canvas, 20&#215;25 cm<\/p>\n<p>(2022)<\/p>\n","protected":false},"excerpt":{"rendered":"<p>Akr\u00fdl \/ bl\u00f6ndu\u00f0 t\u00e6kni \u00e1 striga, 20&#215;25 cm Acrylic \/ mixed media on canvas, 20&#215;25 cm (2022)<\/p>\n","protected":false},"featured_media":4055,"template":"","meta":{"slim_seo":{"title":"Lambam\u00f3\u00f0ir \/ Lamb mother (20x25 cm) - KindArt","description":"Akr\u00fdl \/ bl\u00f6ndu\u00f0 t\u00e6kni \u00e1 striga, 20x25 cm Acrylic \/ mixed media on canvas, 20x25 cm (2022)"}},"product_brand":[],"product_cat":[56],"product_tag":[],"class_list":{"0":"post-4054","1":"product","2":"type-product","3":"status-publish","4":"has-post-thumbnail","6":"product_cat-listaverk","8":"first","9":"instock","10":"purchasable","11":"product-type-simple"},"_links":{"self":[{"href":"https:\/\/kindart.is\/en\/wp-json\/wp\/v2\/product\/4054","targetHints":{"allow":["GET"]}}],"collection":[{"href":"https:\/\/kindart.is\/en\/wp-json\/wp\/v2\/product"}],"about":[{"href":"https:\/\/kindart.is\/en\/wp-json\/wp\/v2\/types\/product"}],"wp:featuredmedia":[{"embeddable":true,"href":"https:\/\/kindart.is\/en\/wp-json\/wp\/v2\/media\/4055"}],"wp:attachment":[{"href":"https:\/\/kindart.is\/en\/wp-json\/wp\/v2\/media?parent=4054"}],"wp:term":[{"taxonomy":"product_brand","embeddable":true,"href":"https:\/\/kindart.is\/en\/wp-json\/wp\/v2\/product_brand?post=4054"},{"taxonomy":"product_cat","embeddable":true,"href":"https:\/\/kindart.is\/en\/wp-json\/wp\/v2\/product_cat?post=4054"},{"taxonomy":"product_tag","embeddable":true,"href":"https:\/\/kindart.is\/en\/wp-json\/wp\/v2\/product_tag?post=4054"}],"curies":[{"name":"wp","href":"https:\/\/api.w.org\/{rel}","templated":true}]}}