{"id":4058,"date":"2022-05-28T13:15:47","date_gmt":"2022-05-28T13:15:47","guid":{"rendered":"https:\/\/kindart.is\/?post_type=product&#038;p=4058"},"modified":"2023-09-08T16:27:22","modified_gmt":"2023-09-08T16:27:22","slug":"lambadrottning-lamb-queen-20x20-cm","status":"publish","type":"product","link":"https:\/\/kindart.is\/en\/vara\/lambadrottning-lamb-queen-20x20-cm\/","title":{"rendered":"Lambadrottning \/ Lamb Queen (20&#215;20 cm)"},"content":{"rendered":"<p>Akr\u00fdl \/ bl\u00f6ndu\u00f0 t\u00e6kni \u00e1 striga, 20&#215;20 cm<\/p>\n<p>Acrylic \/ mixed media on canvas, 20&#215;20 cm<\/p>\n<p>(2022)<\/p>\n","protected":false},"excerpt":{"rendered":"<p>Akr\u00fdl \/ bl\u00f6ndu\u00f0 t\u00e6kni \u00e1 striga, 20&#215;20 cm Acrylic \/ mixed media on canvas, 20&#215;20 cm (2022)<\/p>\n","protected":false},"featured_media":4059,"template":"","meta":{"slim_seo":{"title":"Lambadrottning \/ Lamb Queen (20x20 cm) - KindArt","description":"Akr\u00fdl \/ bl\u00f6ndu\u00f0 t\u00e6kni \u00e1 striga, 20x20 cm Acrylic \/ mixed media on canvas, 20x20 cm (2022)"}},"product_brand":[],"product_cat":[67],"product_tag":[],"class_list":{"0":"post-4058","1":"product","2":"type-product","3":"status-publish","4":"has-post-thumbnail","6":"product_cat-sold","7":"product_shipping_class-litill","9":"first","10":"outofstock","11":"purchasable","12":"product-type-simple"},"_links":{"self":[{"href":"https:\/\/kindart.is\/en\/wp-json\/wp\/v2\/product\/4058","targetHints":{"allow":["GET"]}}],"collection":[{"href":"https:\/\/kindart.is\/en\/wp-json\/wp\/v2\/product"}],"about":[{"href":"https:\/\/kindart.is\/en\/wp-json\/wp\/v2\/types\/product"}],"wp:featuredmedia":[{"embeddable":true,"href":"https:\/\/kindart.is\/en\/wp-json\/wp\/v2\/media\/4059"}],"wp:attachment":[{"href":"https:\/\/kindart.is\/en\/wp-json\/wp\/v2\/media?parent=4058"}],"wp:term":[{"taxonomy":"product_brand","embeddable":true,"href":"https:\/\/kindart.is\/en\/wp-json\/wp\/v2\/product_brand?post=4058"},{"taxonomy":"product_cat","embeddable":true,"href":"https:\/\/kindart.is\/en\/wp-json\/wp\/v2\/product_cat?post=4058"},{"taxonomy":"product_tag","embeddable":true,"href":"https:\/\/kindart.is\/en\/wp-json\/wp\/v2\/product_tag?post=4058"}],"curies":[{"name":"wp","href":"https:\/\/api.w.org\/{rel}","templated":true}]}}