{"id":4066,"date":"2022-05-28T13:25:22","date_gmt":"2022-05-28T13:25:22","guid":{"rendered":"https:\/\/kindart.is\/?post_type=product&#038;p=4066"},"modified":"2023-09-08T17:04:27","modified_gmt":"2023-09-08T17:04:27","slug":"sjavarthorp-seaside-village-30x80-cm","status":"publish","type":"product","link":"https:\/\/kindart.is\/en\/vara\/sjavarthorp-seaside-village-30x80-cm\/","title":{"rendered":"Sj\u00e1var\u00feorp \/ Seaside village (30&#215;80 cm)"},"content":{"rendered":"<p>Akr\u00fdl \/ bl\u00f6ndu\u00f0 t\u00e6kni \u00e1 striga, 30&#215;80 cm<\/p>\n<p>Acrylic \/ mixed media on canvas, 30&#215;80 cm<\/p>\n<p>(2022)<\/p>\n","protected":false},"excerpt":{"rendered":"<p>Akr\u00fdl \/ bl\u00f6ndu\u00f0 t\u00e6kni \u00e1 striga, 30&#215;80 cm Acrylic \/ mixed media on canvas, 30&#215;80 cm (2022)<\/p>\n","protected":false},"featured_media":4282,"template":"","meta":{"slim_seo":{"title":"Sj\u00e1var\u00feorp \/ Seaside village (30x80 cm) - KindArt","description":"Akr\u00fdl \/ bl\u00f6ndu\u00f0 t\u00e6kni \u00e1 striga, 30x80 cm Acrylic \/ mixed media on canvas, 30x80 cm (2022)"}},"product_brand":[],"product_cat":[56],"product_tag":[],"class_list":{"0":"post-4066","1":"product","2":"type-product","3":"status-publish","4":"has-post-thumbnail","6":"product_cat-listaverk","7":"product_shipping_class-midlungs","9":"first","10":"instock","11":"purchasable","12":"product-type-simple"},"_links":{"self":[{"href":"https:\/\/kindart.is\/en\/wp-json\/wp\/v2\/product\/4066","targetHints":{"allow":["GET"]}}],"collection":[{"href":"https:\/\/kindart.is\/en\/wp-json\/wp\/v2\/product"}],"about":[{"href":"https:\/\/kindart.is\/en\/wp-json\/wp\/v2\/types\/product"}],"wp:featuredmedia":[{"embeddable":true,"href":"https:\/\/kindart.is\/en\/wp-json\/wp\/v2\/media\/4282"}],"wp:attachment":[{"href":"https:\/\/kindart.is\/en\/wp-json\/wp\/v2\/media?parent=4066"}],"wp:term":[{"taxonomy":"product_brand","embeddable":true,"href":"https:\/\/kindart.is\/en\/wp-json\/wp\/v2\/product_brand?post=4066"},{"taxonomy":"product_cat","embeddable":true,"href":"https:\/\/kindart.is\/en\/wp-json\/wp\/v2\/product_cat?post=4066"},{"taxonomy":"product_tag","embeddable":true,"href":"https:\/\/kindart.is\/en\/wp-json\/wp\/v2\/product_tag?post=4066"}],"curies":[{"name":"wp","href":"https:\/\/api.w.org\/{rel}","templated":true}]}}