{"id":4070,"date":"2022-05-28T13:30:59","date_gmt":"2022-05-28T13:30:59","guid":{"rendered":"https:\/\/kindart.is\/?post_type=product&#038;p=4070"},"modified":"2023-09-08T17:03:59","modified_gmt":"2023-09-08T17:03:59","slug":"kaupmannshjon-merchants-35x70-cm","status":"publish","type":"product","link":"https:\/\/kindart.is\/en\/vara\/kaupmannshjon-merchants-35x70-cm\/","title":{"rendered":"Kaupmannshj\u00f3n \/ Merchants (35&#215;70 cm)"},"content":{"rendered":"<p>Akr\u00fdl \/ bl\u00f6ndu\u00f0 t\u00e6kni \u00e1 striga, 35&#215;70 cm<\/p>\n<p>Acrylic \/ mixed media on canvas, 35&#215;70 cm<\/p>\n<p>(2022)<\/p>\n","protected":false},"excerpt":{"rendered":"<p>Akr\u00fdl \/ bl\u00f6ndu\u00f0 t\u00e6kni \u00e1 striga, 35&#215;70 cm Acrylic \/ mixed media on canvas, 35&#215;70 cm (2022)<\/p>\n","protected":false},"featured_media":4279,"template":"","meta":{"slim_seo":{"title":"Kaupmannshj\u00f3n \/ Merchants (35x70 cm) - KindArt","description":"Akr\u00fdl \/ bl\u00f6ndu\u00f0 t\u00e6kni \u00e1 striga, 35x70 cm Acrylic \/ mixed media on canvas, 35x70 cm (2022)"}},"product_brand":[],"product_cat":[56],"product_tag":[],"class_list":{"0":"post-4070","1":"product","2":"type-product","3":"status-publish","4":"has-post-thumbnail","6":"product_cat-listaverk","7":"product_shipping_class-midlungs","9":"first","10":"instock","11":"purchasable","12":"product-type-simple"},"_links":{"self":[{"href":"https:\/\/kindart.is\/en\/wp-json\/wp\/v2\/product\/4070","targetHints":{"allow":["GET"]}}],"collection":[{"href":"https:\/\/kindart.is\/en\/wp-json\/wp\/v2\/product"}],"about":[{"href":"https:\/\/kindart.is\/en\/wp-json\/wp\/v2\/types\/product"}],"wp:featuredmedia":[{"embeddable":true,"href":"https:\/\/kindart.is\/en\/wp-json\/wp\/v2\/media\/4279"}],"wp:attachment":[{"href":"https:\/\/kindart.is\/en\/wp-json\/wp\/v2\/media?parent=4070"}],"wp:term":[{"taxonomy":"product_brand","embeddable":true,"href":"https:\/\/kindart.is\/en\/wp-json\/wp\/v2\/product_brand?post=4070"},{"taxonomy":"product_cat","embeddable":true,"href":"https:\/\/kindart.is\/en\/wp-json\/wp\/v2\/product_cat?post=4070"},{"taxonomy":"product_tag","embeddable":true,"href":"https:\/\/kindart.is\/en\/wp-json\/wp\/v2\/product_tag?post=4070"}],"curies":[{"name":"wp","href":"https:\/\/api.w.org\/{rel}","templated":true}]}}