{"id":4074,"date":"2022-05-28T13:35:25","date_gmt":"2022-05-28T13:35:25","guid":{"rendered":"https:\/\/kindart.is\/?post_type=product&#038;p=4074"},"modified":"2023-09-08T16:18:51","modified_gmt":"2023-09-08T16:18:51","slug":"holt-og-heimatun-the-barn-at-home-60x105-cm","status":"publish","type":"product","link":"https:\/\/kindart.is\/en\/vara\/holt-og-heimatun-the-barn-at-home-60x105-cm\/","title":{"rendered":"Holt og Heimat\u00fan \/ The barn at home (60&#215;105 cm)"},"content":{"rendered":"<p>Akr\u00fdl \/ bl\u00f6ndu\u00f0 t\u00e6kni \u00e1 striga, 60&#215;105 cm<\/p>\n<p>Acrylic \/ mixed media on canvas, 60&#215;105 cm<\/p>\n<p>(2022)<\/p>\n","protected":false},"excerpt":{"rendered":"<p>Akr\u00fdl \/ bl\u00f6ndu\u00f0 t\u00e6kni \u00e1 striga, 60&#215;105 cm Acrylic \/ mixed media on canvas, 60&#215;105 cm (2022)<\/p>\n","protected":false},"featured_media":4276,"template":"","meta":{"slim_seo":{"title":"Holt og Heimat\u00fan \/ The barn at home (60x105 cm) - KindArt","description":"Akr\u00fdl \/ bl\u00f6ndu\u00f0 t\u00e6kni \u00e1 striga, 60x105 cm Acrylic \/ mixed media on canvas, 60x105 cm (2022)"}},"product_brand":[],"product_cat":[67],"product_tag":[],"class_list":{"0":"post-4074","1":"product","2":"type-product","3":"status-publish","4":"has-post-thumbnail","6":"product_cat-sold","7":"product_shipping_class-stor","9":"first","10":"outofstock","11":"purchasable","12":"product-type-simple"},"_links":{"self":[{"href":"https:\/\/kindart.is\/en\/wp-json\/wp\/v2\/product\/4074","targetHints":{"allow":["GET"]}}],"collection":[{"href":"https:\/\/kindart.is\/en\/wp-json\/wp\/v2\/product"}],"about":[{"href":"https:\/\/kindart.is\/en\/wp-json\/wp\/v2\/types\/product"}],"wp:featuredmedia":[{"embeddable":true,"href":"https:\/\/kindart.is\/en\/wp-json\/wp\/v2\/media\/4276"}],"wp:attachment":[{"href":"https:\/\/kindart.is\/en\/wp-json\/wp\/v2\/media?parent=4074"}],"wp:term":[{"taxonomy":"product_brand","embeddable":true,"href":"https:\/\/kindart.is\/en\/wp-json\/wp\/v2\/product_brand?post=4074"},{"taxonomy":"product_cat","embeddable":true,"href":"https:\/\/kindart.is\/en\/wp-json\/wp\/v2\/product_cat?post=4074"},{"taxonomy":"product_tag","embeddable":true,"href":"https:\/\/kindart.is\/en\/wp-json\/wp\/v2\/product_tag?post=4074"}],"curies":[{"name":"wp","href":"https:\/\/api.w.org\/{rel}","templated":true}]}}