{"id":4082,"date":"2022-05-31T22:12:15","date_gmt":"2022-05-31T22:13:12","guid":{"rendered":"https:\/\/kindart.is\/product\/daudsmannsey-issue\/"},"modified":"2022-05-31T22:13:12","modified_gmt":"2022-05-31T22:13:12","slug":"daudsmannsey-heft-2","status":"publish","type":"product","link":"https:\/\/kindart.is\/en\/vara\/daudsmannsey-heft-2\/","title":{"rendered":"Dau\u00f0smannsey (issue)"},"content":{"rendered":"<p><strong>Dau\u00f0smannsey<\/strong> , a novel by J\u00f3hannes \u00far K\u00f6tlum. 21.3 X 15 cm 220 p. Sewn and staple in coat. The first book of three in J\u00f3hannes Vesturfaras\u00f6gur J\u00f3hannes.<\/p>\n<p><strong>Publishing and printing<\/strong> :<br \/>\nPublisher: Heimskringla Reykjav\u00edk 1949. H\u00f3lar printing works.<\/p>\n","protected":false},"excerpt":{"rendered":"<p>Dau\u00f0smannsey , a novel by J\u00f3hannes \u00far K\u00f6tlum. 21.3 X 15 cm 220 p. Sewn and staple in coat. The first book of three in J\u00f3hannes Vesturfaras\u00f6gur J\u00f3hannes. Publishing and printing : Publisher: Heimskringla Reykjav\u00edk 1949. H\u00f3lar printing works.<\/p>\n","protected":false},"featured_media":4079,"template":"","meta":{"slim_seo":{"title":"Dau\u00f0smannsey (issue) - KindArt","description":"Dau\u00f0smannsey , a novel by J\u00f3hannes \u00far K\u00f6tlum. 21.3 X 15 cm 220 p. Sewn and staple in coat. The first book of three in J\u00f3hannes Vesturfaras\u00f6gur J\u00f3hannes. Publish"}},"product_brand":[],"product_cat":[83],"product_tag":[],"class_list":{"0":"post-4082","1":"product","2":"type-product","3":"status-publish","4":"has-post-thumbnail","6":"product_cat-books","7":"product_shipping_class-small-en","9":"first","10":"instock","11":"sold-individually","12":"purchasable","13":"product-type-simple"},"_links":{"self":[{"href":"https:\/\/kindart.is\/en\/wp-json\/wp\/v2\/product\/4082","targetHints":{"allow":["GET"]}}],"collection":[{"href":"https:\/\/kindart.is\/en\/wp-json\/wp\/v2\/product"}],"about":[{"href":"https:\/\/kindart.is\/en\/wp-json\/wp\/v2\/types\/product"}],"wp:featuredmedia":[{"embeddable":true,"href":"https:\/\/kindart.is\/en\/wp-json\/wp\/v2\/media\/4079"}],"wp:attachment":[{"href":"https:\/\/kindart.is\/en\/wp-json\/wp\/v2\/media?parent=4082"}],"wp:term":[{"taxonomy":"product_brand","embeddable":true,"href":"https:\/\/kindart.is\/en\/wp-json\/wp\/v2\/product_brand?post=4082"},{"taxonomy":"product_cat","embeddable":true,"href":"https:\/\/kindart.is\/en\/wp-json\/wp\/v2\/product_cat?post=4082"},{"taxonomy":"product_tag","embeddable":true,"href":"https:\/\/kindart.is\/en\/wp-json\/wp\/v2\/product_tag?post=4082"}],"curies":[{"name":"wp","href":"https:\/\/api.w.org\/{rel}","templated":true}]}}