{"id":4097,"date":"2022-05-31T22:24:24","date_gmt":"2022-05-31T22:25:35","guid":{"rendered":"https:\/\/kindart.is\/product\/a-few-poems-in-the-nordic-languages\/"},"modified":"2022-05-31T22:25:35","modified_gmt":"2022-05-31T22:25:35","slug":"faein-ljod-a-norraenum-tungum-2","status":"publish","type":"product","link":"https:\/\/kindart.is\/en\/vara\/faein-ljod-a-norraenum-tungum-2\/","title":{"rendered":"A few poems in the Nordic languages"},"content":{"rendered":"<p><strong>A few poems in the Nordic languages<\/strong> by J\u00f3hannes \u00far K\u00f6tlum. 20.5 X 14.5 cm.32 p. wire bound and in a cardboard cover with a picture of the author. Foreword by Pjetur Hafstein L\u00e1russon, in Icelandic, Swedish, Danish, Finnish and Norwegian.<\/p>\n<p><strong>Publishing and printing<\/strong> :<br \/>\nPublisher: Department of the Nordic Association in Hverager\u00f0i 2006. Printing in Gutenberg.<\/p>\n","protected":false},"excerpt":{"rendered":"<p>A few poems in the Nordic languages by J\u00f3hannes \u00far K\u00f6tlum. 20.5 X 14.5 cm.32 p. wire bound and in a cardboard cover with a picture of the author. Foreword by Pjetur Hafstein L\u00e1russon, in Icelandic, Swedish, Danish, Finnish and Norwegian. Publishing and printing : Publisher: Department of the Nordic Association in Hverager\u00f0i 2006. Printing [&hellip;]<\/p>\n","protected":false},"featured_media":4095,"template":"","meta":{"slim_seo":{"title":"A few poems in the Nordic languages - KindArt","description":"A few poems in the Nordic languages by J\u00f3hannes \u00far K\u00f6tlum. 20.5 X 14.5 cm.32 p. wire bound and in a cardboard cover with a picture of the author. Foreword by Pj"}},"product_brand":[],"product_cat":[83],"product_tag":[],"class_list":{"0":"post-4097","1":"product","2":"type-product","3":"status-publish","4":"has-post-thumbnail","6":"product_cat-books","7":"product_shipping_class-small-en","9":"first","10":"outofstock","11":"sold-individually","12":"purchasable","13":"product-type-simple"},"_links":{"self":[{"href":"https:\/\/kindart.is\/en\/wp-json\/wp\/v2\/product\/4097","targetHints":{"allow":["GET"]}}],"collection":[{"href":"https:\/\/kindart.is\/en\/wp-json\/wp\/v2\/product"}],"about":[{"href":"https:\/\/kindart.is\/en\/wp-json\/wp\/v2\/types\/product"}],"wp:featuredmedia":[{"embeddable":true,"href":"https:\/\/kindart.is\/en\/wp-json\/wp\/v2\/media\/4095"}],"wp:attachment":[{"href":"https:\/\/kindart.is\/en\/wp-json\/wp\/v2\/media?parent=4097"}],"wp:term":[{"taxonomy":"product_brand","embeddable":true,"href":"https:\/\/kindart.is\/en\/wp-json\/wp\/v2\/product_brand?post=4097"},{"taxonomy":"product_cat","embeddable":true,"href":"https:\/\/kindart.is\/en\/wp-json\/wp\/v2\/product_cat?post=4097"},{"taxonomy":"product_tag","embeddable":true,"href":"https:\/\/kindart.is\/en\/wp-json\/wp\/v2\/product_tag?post=4097"}],"curies":[{"name":"wp","href":"https:\/\/api.w.org\/{rel}","templated":true}]}}