{"id":4104,"date":"2022-05-31T22:29:57","date_gmt":"2022-05-31T22:31:13","guid":{"rendered":"https:\/\/kindart.is\/product\/five-sons\/"},"modified":"2022-05-31T22:31:13","modified_gmt":"2022-05-31T22:31:13","slug":"five-sons","status":"publish","type":"product","link":"https:\/\/kindart.is\/en\/vara\/five-sons\/","title":{"rendered":"Five sons"},"content":{"rendered":"<p><strong>Five Sons<\/strong> , a novel by Howard Fast. J\u00f3hannes \u00far K\u00f6tlum translated. 21.8 X 14.1 cm 252 p. Publishing tape in green rexin.<\/p>\n<p><strong>Publishing and printing<\/strong> :<br \/>\nPublisher: M\u00e1l og menning Reykjav\u00edk 1954. H\u00f3lar printing works.<\/p>\n","protected":false},"excerpt":{"rendered":"<p>Five Sons , a novel by Howard Fast. J\u00f3hannes \u00far K\u00f6tlum translated. 21.8 X 14.1 cm 252 p. Publishing tape in green rexin. Publishing and printing : Publisher: M\u00e1l og menning Reykjav\u00edk 1954. H\u00f3lar printing works.<\/p>\n","protected":false},"featured_media":4101,"template":"","meta":{"slim_seo":{"title":"Five sons - KindArt","description":"Five Sons , a novel by Howard Fast. J\u00f3hannes \u00far K\u00f6tlum translated. 21.8 X 14.1 cm 252 p. Publishing tape in green rexin. Publishing and printing : Publisher: M\u00e1"}},"product_brand":[],"product_cat":[83],"product_tag":[],"class_list":{"0":"post-4104","1":"product","2":"type-product","3":"status-publish","4":"has-post-thumbnail","6":"product_cat-books","7":"product_shipping_class-small-en","9":"first","10":"instock","11":"sold-individually","12":"purchasable","13":"product-type-simple"},"_links":{"self":[{"href":"https:\/\/kindart.is\/en\/wp-json\/wp\/v2\/product\/4104","targetHints":{"allow":["GET"]}}],"collection":[{"href":"https:\/\/kindart.is\/en\/wp-json\/wp\/v2\/product"}],"about":[{"href":"https:\/\/kindart.is\/en\/wp-json\/wp\/v2\/types\/product"}],"wp:featuredmedia":[{"embeddable":true,"href":"https:\/\/kindart.is\/en\/wp-json\/wp\/v2\/media\/4101"}],"wp:attachment":[{"href":"https:\/\/kindart.is\/en\/wp-json\/wp\/v2\/media?parent=4104"}],"wp:term":[{"taxonomy":"product_brand","embeddable":true,"href":"https:\/\/kindart.is\/en\/wp-json\/wp\/v2\/product_brand?post=4104"},{"taxonomy":"product_cat","embeddable":true,"href":"https:\/\/kindart.is\/en\/wp-json\/wp\/v2\/product_cat?post=4104"},{"taxonomy":"product_tag","embeddable":true,"href":"https:\/\/kindart.is\/en\/wp-json\/wp\/v2\/product_tag?post=4104"}],"curies":[{"name":"wp","href":"https:\/\/api.w.org\/{rel}","templated":true}]}}