{"id":4110,"date":"2022-05-31T22:39:33","date_gmt":"2022-05-31T22:40:25","guid":{"rendered":"https:\/\/kindart.is\/product\/the-freedom-continent\/"},"modified":"2022-05-31T22:40:25","modified_gmt":"2022-05-31T22:40:25","slug":"frelsisalfan-2","status":"publish","type":"product","link":"https:\/\/kindart.is\/en\/vara\/frelsisalfan-2\/","title":{"rendered":"The freedom continent"},"content":{"rendered":"<p><strong>Frelsis\u00e1lfan<\/strong> , a novel by J\u00f3hannes \u00far K\u00f6tlum. 21 X 14.3 cm 234 p. Sewn and stapled, without coat. The third book out of three in J\u00f3hannes Vesturfaras\u00f6gur.<\/p>\n<p><strong>Publishing and printing<\/strong> :<br \/>\nPublisher: Heimskringla Reykjav\u00edk 1951. H\u00f3lar printing works.<\/p>\n","protected":false},"excerpt":{"rendered":"<p>Frelsis\u00e1lfan , a novel by J\u00f3hannes \u00far K\u00f6tlum. 21 X 14.3 cm 234 p. Sewn and stapled, without coat. The third book out of three in J\u00f3hannes Vesturfaras\u00f6gur. Publishing and printing : Publisher: Heimskringla Reykjav\u00edk 1951. H\u00f3lar printing works.<\/p>\n","protected":false},"featured_media":4109,"template":"","meta":{"slim_seo":{"title":"The freedom continent - KindArt","description":"Frelsis\u00e1lfan , a novel by J\u00f3hannes \u00far K\u00f6tlum. 21 X 14.3 cm 234 p. Sewn and stapled, without coat. The third book out of three in J\u00f3hannes Vesturfaras\u00f6gur. Publi"}},"product_brand":[],"product_cat":[83],"product_tag":[],"class_list":{"0":"post-4110","1":"product","2":"type-product","3":"status-publish","4":"has-post-thumbnail","6":"product_cat-books","7":"product_shipping_class-small-en","9":"first","10":"instock","11":"sold-individually","12":"purchasable","13":"product-type-simple"},"_links":{"self":[{"href":"https:\/\/kindart.is\/en\/wp-json\/wp\/v2\/product\/4110","targetHints":{"allow":["GET"]}}],"collection":[{"href":"https:\/\/kindart.is\/en\/wp-json\/wp\/v2\/product"}],"about":[{"href":"https:\/\/kindart.is\/en\/wp-json\/wp\/v2\/types\/product"}],"wp:featuredmedia":[{"embeddable":true,"href":"https:\/\/kindart.is\/en\/wp-json\/wp\/v2\/media\/4109"}],"wp:attachment":[{"href":"https:\/\/kindart.is\/en\/wp-json\/wp\/v2\/media?parent=4110"}],"wp:term":[{"taxonomy":"product_brand","embeddable":true,"href":"https:\/\/kindart.is\/en\/wp-json\/wp\/v2\/product_brand?post=4110"},{"taxonomy":"product_cat","embeddable":true,"href":"https:\/\/kindart.is\/en\/wp-json\/wp\/v2\/product_cat?post=4110"},{"taxonomy":"product_tag","embeddable":true,"href":"https:\/\/kindart.is\/en\/wp-json\/wp\/v2\/product_tag?post=4110"}],"curies":[{"name":"wp","href":"https:\/\/api.w.org\/{rel}","templated":true}]}}