{"id":4117,"date":"2022-05-31T22:46:19","date_gmt":"2022-05-31T22:47:06","guid":{"rendered":"https:\/\/kindart.is\/product\/north\/"},"modified":"2022-05-31T22:47:06","modified_gmt":"2022-05-31T22:47:06","slug":"nordri-2","status":"publish","type":"product","link":"https:\/\/kindart.is\/en\/vara\/nordri-2\/","title":{"rendered":"North"},"content":{"rendered":"<p><strong>Nor\u00f0ri<\/strong> , a half-monthly newspaper for Icelanders. The magazine was a magazine, size: 25 X 18.2 cm, published in Akureyri. The editors were Bj\u00f6rn J\u00f3nsson and J\u00f3n J\u00f3nsson, but the owner and responsible person was Sveinn Sk\u00falason. Nor\u00f0ri was the first newspaper to appear in Nor\u00f0urland after the printing monopoly was broken. The newspaper&#8217;s topics were mainly domestic and foreign news.<br \/>\nHere are for sale two issues of 6. price 1858. 27. des. 34 and 31. des. 35-36.<\/p>\n<p><strong>Publishing and printing<\/strong> :<br \/>\nPublisher: Sveinn Sk\u00falason Akureyri 1853-1861. Prentsmi\u00f0jan \u00e1 Akureyri or Nor\u00f0raprentsmi\u00f0jan, but was also called Prentsmi\u00f0ja Nor\u00f0ur- og Austurumd\u00e6misins.<\/p>\n","protected":false},"excerpt":{"rendered":"<p>Nor\u00f0ri , a half-monthly newspaper for Icelanders. The magazine was a magazine, size: 25 X 18.2 cm, published in Akureyri. The editors were Bj\u00f6rn J\u00f3nsson and J\u00f3n J\u00f3nsson, but the owner and responsible person was Sveinn Sk\u00falason. Nor\u00f0ri was the first newspaper to appear in Nor\u00f0urland after the printing monopoly was broken. The newspaper&#8217;s topics [&hellip;]<\/p>\n","protected":false},"featured_media":4114,"template":"","meta":{"slim_seo":{"title":"North - KindArt","description":"Nor\u00f0ri , a half-monthly newspaper for Icelanders. The magazine was a magazine, size: 25 X 18.2 cm, published in Akureyri. The editors were Bj\u00f6rn J\u00f3nsson and J\u00f3n"}},"product_brand":[],"product_cat":[83],"product_tag":[],"class_list":{"0":"post-4117","1":"product","2":"type-product","3":"status-publish","4":"has-post-thumbnail","6":"product_cat-books","7":"product_shipping_class-small-en","9":"first","10":"instock","11":"sold-individually","12":"purchasable","13":"product-type-simple"},"_links":{"self":[{"href":"https:\/\/kindart.is\/en\/wp-json\/wp\/v2\/product\/4117","targetHints":{"allow":["GET"]}}],"collection":[{"href":"https:\/\/kindart.is\/en\/wp-json\/wp\/v2\/product"}],"about":[{"href":"https:\/\/kindart.is\/en\/wp-json\/wp\/v2\/types\/product"}],"wp:featuredmedia":[{"embeddable":true,"href":"https:\/\/kindart.is\/en\/wp-json\/wp\/v2\/media\/4114"}],"wp:attachment":[{"href":"https:\/\/kindart.is\/en\/wp-json\/wp\/v2\/media?parent=4117"}],"wp:term":[{"taxonomy":"product_brand","embeddable":true,"href":"https:\/\/kindart.is\/en\/wp-json\/wp\/v2\/product_brand?post=4117"},{"taxonomy":"product_cat","embeddable":true,"href":"https:\/\/kindart.is\/en\/wp-json\/wp\/v2\/product_cat?post=4117"},{"taxonomy":"product_tag","embeddable":true,"href":"https:\/\/kindart.is\/en\/wp-json\/wp\/v2\/product_tag?post=4117"}],"curies":[{"name":"wp","href":"https:\/\/api.w.org\/{rel}","templated":true}]}}