{"id":4125,"date":"2022-05-31T22:53:02","date_gmt":"2022-05-31T22:53:51","guid":{"rendered":"https:\/\/kindart.is\/product\/and-the-rocks-split\/"},"modified":"2022-05-31T22:53:51","modified_gmt":"2022-05-31T22:53:51","slug":"and-bjorgin-klofnudu","status":"publish","type":"product","link":"https:\/\/kindart.is\/en\/vara\/and-bjorgin-klofnudu\/","title":{"rendered":"And the rocks split"},"content":{"rendered":"<p><strong>And the rocks split<\/strong> , a story by J\u00f3hannes \u00far K\u00f6tlum. 19 X 12.8 cm. 328 p. Tied in all-shirt band, publishing band, but keel torn off, without coat.<\/p>\n<p><strong>Publishing and printing<\/strong> :<br \/>\nPublished by \u00deorsteinn M. J\u00f3nsson Akureyri 1934. Printing: Oddur Bj\u00f6rnsson&#8217;s printing workshop.<\/p>\n","protected":false},"excerpt":{"rendered":"<p>And the rocks split , a story by J\u00f3hannes \u00far K\u00f6tlum. 19 X 12.8 cm. 328 p. Tied in all-shirt band, publishing band, but keel torn off, without coat. Publishing and printing : Published by \u00deorsteinn M. J\u00f3nsson Akureyri 1934. Printing: Oddur Bj\u00f6rnsson&#8217;s printing workshop.<\/p>\n","protected":false},"featured_media":4121,"template":"","meta":{"slim_seo":{"title":"And the rocks split - KindArt","description":"And the rocks split , a story by J\u00f3hannes \u00far K\u00f6tlum. 19 X 12.8 cm. 328 p. Tied in all-shirt band, publishing band, but keel torn off, without coat. Publishing a"}},"product_brand":[],"product_cat":[83],"product_tag":[],"class_list":{"0":"post-4125","1":"product","2":"type-product","3":"status-publish","4":"has-post-thumbnail","6":"product_cat-books","7":"product_shipping_class-small-en","9":"first","10":"instock","11":"sold-individually","12":"purchasable","13":"product-type-simple"},"_links":{"self":[{"href":"https:\/\/kindart.is\/en\/wp-json\/wp\/v2\/product\/4125","targetHints":{"allow":["GET"]}}],"collection":[{"href":"https:\/\/kindart.is\/en\/wp-json\/wp\/v2\/product"}],"about":[{"href":"https:\/\/kindart.is\/en\/wp-json\/wp\/v2\/types\/product"}],"wp:featuredmedia":[{"embeddable":true,"href":"https:\/\/kindart.is\/en\/wp-json\/wp\/v2\/media\/4121"}],"wp:attachment":[{"href":"https:\/\/kindart.is\/en\/wp-json\/wp\/v2\/media?parent=4125"}],"wp:term":[{"taxonomy":"product_brand","embeddable":true,"href":"https:\/\/kindart.is\/en\/wp-json\/wp\/v2\/product_brand?post=4125"},{"taxonomy":"product_cat","embeddable":true,"href":"https:\/\/kindart.is\/en\/wp-json\/wp\/v2\/product_cat?post=4125"},{"taxonomy":"product_tag","embeddable":true,"href":"https:\/\/kindart.is\/en\/wp-json\/wp\/v2\/product_tag?post=4125"}],"curies":[{"name":"wp","href":"https:\/\/api.w.org\/{rel}","templated":true}]}}