{"id":4132,"date":"2022-05-31T22:57:04","date_gmt":"2022-05-31T22:57:48","guid":{"rendered":"https:\/\/kindart.is\/product\/new-land\/"},"modified":"2022-05-31T22:57:48","modified_gmt":"2022-05-31T22:57:48","slug":"new-country","status":"publish","type":"product","link":"https:\/\/kindart.is\/en\/vara\/new-country\/","title":{"rendered":"New land"},"content":{"rendered":"<p><strong>New land<\/strong> . Magazine, published by the Social Democrats of Iceland and the Association of Young Social Democrats. Editors 1. editions were Sigur\u00f0ur Einarsson and Gu\u00f0mundur G\u00edslason Hagal\u00edn and with another edition Bj\u00f6rn Sigf\u00fasson took over from Sigur\u00f0ur. The magazine&#8217;s content was mainly about social and cultural issues. It was published in six issues a year, says a description of the newspaper and approx. 24 reading pages each issue. Size: 24.5 X 18.5 cm.<\/p>\n<p><strong>Publishing and printing<\/strong> :<br \/>\nPublisher: The Social Democrats of Iceland and the Association of Young Social Democrats, Reykjav\u00edk 1936-1938.<\/p>\n","protected":false},"excerpt":{"rendered":"<p>New land . Magazine, published by the Social Democrats of Iceland and the Association of Young Social Democrats. Editors 1. editions were Sigur\u00f0ur Einarsson and Gu\u00f0mundur G\u00edslason Hagal\u00edn and with another edition Bj\u00f6rn Sigf\u00fasson took over from Sigur\u00f0ur. The magazine&#8217;s content was mainly about social and cultural issues. It was published in six issues a [&hellip;]<\/p>\n","protected":false},"featured_media":4129,"template":"","meta":{"slim_seo":{"title":"New land - KindArt","description":"New land . Magazine, published by the Social Democrats of Iceland and the Association of Young Social Democrats. Editors 1. editions were Sigur\u00f0ur Einarsson and"}},"product_brand":[],"product_cat":[83],"product_tag":[],"class_list":{"0":"post-4132","1":"product","2":"type-product","3":"status-publish","4":"has-post-thumbnail","6":"product_cat-books","7":"product_shipping_class-small-en","9":"first","10":"instock","11":"sold-individually","12":"purchasable","13":"product-type-simple"},"_links":{"self":[{"href":"https:\/\/kindart.is\/en\/wp-json\/wp\/v2\/product\/4132","targetHints":{"allow":["GET"]}}],"collection":[{"href":"https:\/\/kindart.is\/en\/wp-json\/wp\/v2\/product"}],"about":[{"href":"https:\/\/kindart.is\/en\/wp-json\/wp\/v2\/types\/product"}],"wp:featuredmedia":[{"embeddable":true,"href":"https:\/\/kindart.is\/en\/wp-json\/wp\/v2\/media\/4129"}],"wp:attachment":[{"href":"https:\/\/kindart.is\/en\/wp-json\/wp\/v2\/media?parent=4132"}],"wp:term":[{"taxonomy":"product_brand","embeddable":true,"href":"https:\/\/kindart.is\/en\/wp-json\/wp\/v2\/product_brand?post=4132"},{"taxonomy":"product_cat","embeddable":true,"href":"https:\/\/kindart.is\/en\/wp-json\/wp\/v2\/product_cat?post=4132"},{"taxonomy":"product_tag","embeddable":true,"href":"https:\/\/kindart.is\/en\/wp-json\/wp\/v2\/product_tag?post=4132"}],"curies":[{"name":"wp","href":"https:\/\/api.w.org\/{rel}","templated":true}]}}