{"id":4140,"date":"2022-05-31T23:02:48","date_gmt":"2022-05-31T23:03:30","guid":{"rendered":"https:\/\/kindart.is\/product\/and-the-rocks-split-bound\/"},"modified":"2022-05-31T23:03:30","modified_gmt":"2022-05-31T23:03:30","slug":"and-bjorgin-klofnudu-heft","status":"publish","type":"product","link":"https:\/\/kindart.is\/en\/vara\/and-bjorgin-klofnudu-heft\/","title":{"rendered":"And the rocks split (bound)"},"content":{"rendered":"<p><strong>And the rocks split<\/strong> , a story by J\u00f3hannes \u00far K\u00f6tlum. 19 X 13.5 cm. 328 p. sewn and stapled, but starting to come apart, but still come with a cover on the front and back.<\/p>\n<p><strong>Publishing and printing<\/strong> :<br \/>\nPublished by \u00deorsteinn M. J\u00f3nsson Akureyri 1934. Printing: Oddur Bj\u00f6rnsson&#8217;s printing workshop.<\/p>\n","protected":false},"excerpt":{"rendered":"<p>And the rocks split , a story by J\u00f3hannes \u00far K\u00f6tlum. 19 X 13.5 cm. 328 p. sewn and stapled, but starting to come apart, but still come with a cover on the front and back. Publishing and printing : Published by \u00deorsteinn M. J\u00f3nsson Akureyri 1934. Printing: Oddur Bj\u00f6rnsson&#8217;s printing workshop.<\/p>\n","protected":false},"featured_media":4135,"template":"","meta":{"slim_seo":{"title":"And the rocks split (bound) - KindArt","description":"And the rocks split , a story by J\u00f3hannes \u00far K\u00f6tlum. 19 X 13.5 cm. 328 p. sewn and stapled, but starting to come apart, but still come with a cover on the front"}},"product_brand":[],"product_cat":[83],"product_tag":[],"class_list":{"0":"post-4140","1":"product","2":"type-product","3":"status-publish","4":"has-post-thumbnail","6":"product_cat-books","7":"product_shipping_class-small-en","9":"first","10":"instock","11":"sold-individually","12":"purchasable","13":"product-type-simple"},"_links":{"self":[{"href":"https:\/\/kindart.is\/en\/wp-json\/wp\/v2\/product\/4140","targetHints":{"allow":["GET"]}}],"collection":[{"href":"https:\/\/kindart.is\/en\/wp-json\/wp\/v2\/product"}],"about":[{"href":"https:\/\/kindart.is\/en\/wp-json\/wp\/v2\/types\/product"}],"wp:featuredmedia":[{"embeddable":true,"href":"https:\/\/kindart.is\/en\/wp-json\/wp\/v2\/media\/4135"}],"wp:attachment":[{"href":"https:\/\/kindart.is\/en\/wp-json\/wp\/v2\/media?parent=4140"}],"wp:term":[{"taxonomy":"product_brand","embeddable":true,"href":"https:\/\/kindart.is\/en\/wp-json\/wp\/v2\/product_brand?post=4140"},{"taxonomy":"product_cat","embeddable":true,"href":"https:\/\/kindart.is\/en\/wp-json\/wp\/v2\/product_cat?post=4140"},{"taxonomy":"product_tag","embeddable":true,"href":"https:\/\/kindart.is\/en\/wp-json\/wp\/v2\/product_tag?post=4140"}],"curies":[{"name":"wp","href":"https:\/\/api.w.org\/{rel}","templated":true}]}}