{"id":4148,"date":"2022-05-31T23:09:49","date_gmt":"2022-05-31T23:10:55","guid":{"rendered":"https:\/\/kindart.is\/product\/the-great-voyage\/"},"modified":"2022-05-31T23:10:55","modified_gmt":"2022-05-31T23:10:55","slug":"sailing-great","status":"publish","type":"product","link":"https:\/\/kindart.is\/en\/vara\/sailing-great\/","title":{"rendered":"The great voyage"},"content":{"rendered":"<p><strong>The Great Sailing<\/strong> , a novel by J\u00f3hannes \u00far K\u00f6tlum. 20.7 X 14.5 cm 230 p. Publishing tape in brown rexin on keel and cladding. The second book of three in J\u00f3hannes Vesturfaras\u00f6gur J\u00f3hannes.<\/p>\n<p><strong>Publishing and printing<\/strong> :<br \/>\nPublisher: Heimskringla Reykjav\u00edk 1950. H\u00f3lar printing works.<\/p>\n","protected":false},"excerpt":{"rendered":"<p>The Great Sailing , a novel by J\u00f3hannes \u00far K\u00f6tlum. 20.7 X 14.5 cm 230 p. Publishing tape in brown rexin on keel and cladding. The second book of three in J\u00f3hannes Vesturfaras\u00f6gur J\u00f3hannes. Publishing and printing : Publisher: Heimskringla Reykjav\u00edk 1950. H\u00f3lar printing works.<\/p>\n","protected":false},"featured_media":4143,"template":"","meta":{"slim_seo":{"title":"The great voyage - KindArt","description":"The Great Sailing , a novel by J\u00f3hannes \u00far K\u00f6tlum. 20.7 X 14.5 cm 230 p. Publishing tape in brown rexin on keel and cladding. The second book of three in J\u00f3hann"}},"product_brand":[],"product_cat":[83],"product_tag":[],"class_list":{"0":"post-4148","1":"product","2":"type-product","3":"status-publish","4":"has-post-thumbnail","6":"product_cat-books","7":"product_shipping_class-small-en","9":"first","10":"instock","11":"sold-individually","12":"purchasable","13":"product-type-simple"},"_links":{"self":[{"href":"https:\/\/kindart.is\/en\/wp-json\/wp\/v2\/product\/4148","targetHints":{"allow":["GET"]}}],"collection":[{"href":"https:\/\/kindart.is\/en\/wp-json\/wp\/v2\/product"}],"about":[{"href":"https:\/\/kindart.is\/en\/wp-json\/wp\/v2\/types\/product"}],"wp:featuredmedia":[{"embeddable":true,"href":"https:\/\/kindart.is\/en\/wp-json\/wp\/v2\/media\/4143"}],"wp:attachment":[{"href":"https:\/\/kindart.is\/en\/wp-json\/wp\/v2\/media?parent=4148"}],"wp:term":[{"taxonomy":"product_brand","embeddable":true,"href":"https:\/\/kindart.is\/en\/wp-json\/wp\/v2\/product_brand?post=4148"},{"taxonomy":"product_cat","embeddable":true,"href":"https:\/\/kindart.is\/en\/wp-json\/wp\/v2\/product_cat?post=4148"},{"taxonomy":"product_tag","embeddable":true,"href":"https:\/\/kindart.is\/en\/wp-json\/wp\/v2\/product_tag?post=4148"}],"curies":[{"name":"wp","href":"https:\/\/api.w.org\/{rel}","templated":true}]}}