{"id":4155,"date":"2022-05-31T23:15:26","date_gmt":"2022-05-31T23:16:11","guid":{"rendered":"https:\/\/kindart.is\/product\/the-great-sailing-restricted\/"},"modified":"2022-05-31T23:16:11","modified_gmt":"2022-05-31T23:16:11","slug":"sailing-great-heft","status":"publish","type":"product","link":"https:\/\/kindart.is\/en\/vara\/sailing-great-heft\/","title":{"rendered":"The Great Sailing (restricted)"},"content":{"rendered":"<p><strong>The Great Sailing<\/strong> , a novel by J\u00f3hannes \u00far K\u00f6tlum. 20.8 X 14.6 cm 220 p. Sewn and staple in coat. The cover is poor. The second book of three in J\u00f3hannes Vesturfaras\u00f6gur J\u00f3hannes.<\/p>\n<p><strong>Publishing and printing<\/strong> :<br \/>\nPublisher: Heimskringla Reykjav\u00edk 1949. H\u00f3lar printing works.<\/p>\n","protected":false},"excerpt":{"rendered":"<p>The Great Sailing , a novel by J\u00f3hannes \u00far K\u00f6tlum. 20.8 X 14.6 cm 220 p. Sewn and staple in coat. The cover is poor. The second book of three in J\u00f3hannes Vesturfaras\u00f6gur J\u00f3hannes. Publishing and printing : Publisher: Heimskringla Reykjav\u00edk 1949. H\u00f3lar printing works.<\/p>\n","protected":false},"featured_media":4151,"template":"","meta":{"slim_seo":{"title":"The Great Sailing (restricted) - KindArt","description":"The Great Sailing , a novel by J\u00f3hannes \u00far K\u00f6tlum. 20.8 X 14.6 cm 220 p. Sewn and staple in coat. The cover is poor. The second book of three in J\u00f3hannes Vestur"}},"product_brand":[],"product_cat":[83],"product_tag":[],"class_list":{"0":"post-4155","1":"product","2":"type-product","3":"status-publish","4":"has-post-thumbnail","6":"product_cat-books","7":"product_shipping_class-small-en","9":"first","10":"instock","11":"sold-individually","12":"purchasable","13":"product-type-simple"},"_links":{"self":[{"href":"https:\/\/kindart.is\/en\/wp-json\/wp\/v2\/product\/4155","targetHints":{"allow":["GET"]}}],"collection":[{"href":"https:\/\/kindart.is\/en\/wp-json\/wp\/v2\/product"}],"about":[{"href":"https:\/\/kindart.is\/en\/wp-json\/wp\/v2\/types\/product"}],"wp:featuredmedia":[{"embeddable":true,"href":"https:\/\/kindart.is\/en\/wp-json\/wp\/v2\/media\/4151"}],"wp:attachment":[{"href":"https:\/\/kindart.is\/en\/wp-json\/wp\/v2\/media?parent=4155"}],"wp:term":[{"taxonomy":"product_brand","embeddable":true,"href":"https:\/\/kindart.is\/en\/wp-json\/wp\/v2\/product_brand?post=4155"},{"taxonomy":"product_cat","embeddable":true,"href":"https:\/\/kindart.is\/en\/wp-json\/wp\/v2\/product_cat?post=4155"},{"taxonomy":"product_tag","embeddable":true,"href":"https:\/\/kindart.is\/en\/wp-json\/wp\/v2\/product_tag?post=4155"}],"curies":[{"name":"wp","href":"https:\/\/api.w.org\/{rel}","templated":true}]}}