{"id":4167,"date":"2022-05-31T23:24:47","date_gmt":"2022-05-31T23:26:01","guid":{"rendered":"https:\/\/kindart.is\/product\/tregaslagur\/"},"modified":"2022-05-31T23:26:01","modified_gmt":"2022-05-31T23:26:01","slug":"sadness","status":"publish","type":"product","link":"https:\/\/kindart.is\/en\/vara\/sadness\/","title":{"rendered":"Tregaslagur"},"content":{"rendered":"<p><strong>Tregaslagur<\/strong> , a collection of poems by J\u00f3hannes \u00far K\u00f6tlum. 24.2 X 16.3 cm 144 p. Sewn and staple in coat. G\u00edsli B. Bj\u00f6rnsson drew.<\/p>\n<p><strong>Publishing and printing<\/strong> :<br \/>\nPublisher: Heimskringla Reykjav\u00edk 1964. H\u00f3lar printing works.<\/p>\n","protected":false},"excerpt":{"rendered":"<p>Tregaslagur , a collection of poems by J\u00f3hannes \u00far K\u00f6tlum. 24.2 X 16.3 cm 144 p. Sewn and staple in coat. G\u00edsli B. Bj\u00f6rnsson drew. Publishing and printing : Publisher: Heimskringla Reykjav\u00edk 1964. H\u00f3lar printing works.<\/p>\n","protected":false},"featured_media":4163,"template":"","meta":{"slim_seo":{"title":"Tregaslagur - KindArt","description":"Tregaslagur , a collection of poems by J\u00f3hannes \u00far K\u00f6tlum. 24.2 X 16.3 cm 144 p. Sewn and staple in coat. G\u00edsli B. Bj\u00f6rnsson drew. Publishing and printing : Pub"}},"product_brand":[],"product_cat":[83],"product_tag":[],"class_list":{"0":"post-4167","1":"product","2":"type-product","3":"status-publish","4":"has-post-thumbnail","6":"product_cat-books","7":"product_shipping_class-small-en","9":"first","10":"instock","11":"sold-individually","12":"purchasable","13":"product-type-simple"},"_links":{"self":[{"href":"https:\/\/kindart.is\/en\/wp-json\/wp\/v2\/product\/4167","targetHints":{"allow":["GET"]}}],"collection":[{"href":"https:\/\/kindart.is\/en\/wp-json\/wp\/v2\/product"}],"about":[{"href":"https:\/\/kindart.is\/en\/wp-json\/wp\/v2\/types\/product"}],"wp:featuredmedia":[{"embeddable":true,"href":"https:\/\/kindart.is\/en\/wp-json\/wp\/v2\/media\/4163"}],"wp:attachment":[{"href":"https:\/\/kindart.is\/en\/wp-json\/wp\/v2\/media?parent=4167"}],"wp:term":[{"taxonomy":"product_brand","embeddable":true,"href":"https:\/\/kindart.is\/en\/wp-json\/wp\/v2\/product_brand?post=4167"},{"taxonomy":"product_cat","embeddable":true,"href":"https:\/\/kindart.is\/en\/wp-json\/wp\/v2\/product_cat?post=4167"},{"taxonomy":"product_tag","embeddable":true,"href":"https:\/\/kindart.is\/en\/wp-json\/wp\/v2\/product_tag?post=4167"}],"curies":[{"name":"wp","href":"https:\/\/api.w.org\/{rel}","templated":true}]}}