{"id":4199,"date":"2022-06-01T12:57:55","date_gmt":"2022-06-01T12:58:42","guid":{"rendered":"https:\/\/kindart.is\/product\/abstract-of-chemistry\/"},"modified":"2022-06-01T12:58:42","modified_gmt":"2022-06-01T12:58:42","slug":"agrip-af-efnafraedi-2","status":"publish","type":"product","link":"https:\/\/kindart.is\/en\/vara\/agrip-af-efnafraedi-2\/","title":{"rendered":"Abstract of chemistry"},"content":{"rendered":"<p><strong>Abstract of chemistry<\/strong> by Bjarni J\u00f3sefsson. 38 p. duplicate booklet, wire booklet. Size: 22 X 14.2 cm.<\/p>\n<p><strong>Publishing and printing<\/strong> :<br \/>\nFj\u00f6lritunarstofa Pjetur G. Gu\u00f0mundssonar Reykjav\u00edk 1929.<\/p>\n","protected":false},"excerpt":{"rendered":"<p>Abstract of chemistry by Bjarni J\u00f3sefsson. 38 p. duplicate booklet, wire booklet. Size: 22 X 14.2 cm. Publishing and printing : Fj\u00f6lritunarstofa Pjetur G. Gu\u00f0mundssonar Reykjav\u00edk 1929.<\/p>\n","protected":false},"featured_media":4197,"template":"","meta":{"slim_seo":{"title":"Abstract of chemistry - KindArt","description":"Abstract of chemistry by Bjarni J\u00f3sefsson. 38 p. duplicate booklet, wire booklet. Size: 22 X 14.2 cm. Publishing and printing : Fj\u00f6lritunarstofa Pjetur G. Gu\u00f0mu"}},"product_brand":[],"product_cat":[83],"product_tag":[],"class_list":{"0":"post-4199","1":"product","2":"type-product","3":"status-publish","4":"has-post-thumbnail","6":"product_cat-books","7":"product_shipping_class-small-en","9":"first","10":"instock","11":"sold-individually","12":"purchasable","13":"product-type-simple"},"_links":{"self":[{"href":"https:\/\/kindart.is\/en\/wp-json\/wp\/v2\/product\/4199","targetHints":{"allow":["GET"]}}],"collection":[{"href":"https:\/\/kindart.is\/en\/wp-json\/wp\/v2\/product"}],"about":[{"href":"https:\/\/kindart.is\/en\/wp-json\/wp\/v2\/types\/product"}],"wp:featuredmedia":[{"embeddable":true,"href":"https:\/\/kindart.is\/en\/wp-json\/wp\/v2\/media\/4197"}],"wp:attachment":[{"href":"https:\/\/kindart.is\/en\/wp-json\/wp\/v2\/media?parent=4199"}],"wp:term":[{"taxonomy":"product_brand","embeddable":true,"href":"https:\/\/kindart.is\/en\/wp-json\/wp\/v2\/product_brand?post=4199"},{"taxonomy":"product_cat","embeddable":true,"href":"https:\/\/kindart.is\/en\/wp-json\/wp\/v2\/product_cat?post=4199"},{"taxonomy":"product_tag","embeddable":true,"href":"https:\/\/kindart.is\/en\/wp-json\/wp\/v2\/product_tag?post=4199"}],"curies":[{"name":"wp","href":"https:\/\/api.w.org\/{rel}","templated":true}]}}