{"id":4219,"date":"2022-06-01T13:17:59","date_gmt":"2022-06-01T13:18:33","guid":{"rendered":"https:\/\/kindart.is\/product\/coalition\/"},"modified":"2022-06-01T13:18:33","modified_gmt":"2022-06-01T13:18:33","slug":"coalition","status":"publish","type":"product","link":"https:\/\/kindart.is\/en\/vara\/coalition\/","title":{"rendered":"Coalition"},"content":{"rendered":"<p><strong>Coalition<\/strong> . Magazine, published by several members of the People&#8217;s Party in Reykjav\u00edk. Under Address 1. tbl. write: \u00c1rni \u00c1g\u00fastsson, Run\u00f3lfur P\u00e9tursson, Filipus \u00c1mundason and A\u00f0alhei\u00f0ur S. H\u00f3lm. The newspaper&#8217;s content was mainly on trade union issues and working to unite the trade union parties, the People&#8217;s Party and the Communist Party. Seven issues were published. in 1936. Sheet size: 47.8 X 32.8 cm.<\/p>\n<p>1st issue 1. edition<br \/>\n1st issue 2nd edition<br \/>\n2nd issue<br \/>\n4th issue<br \/>\n5. tbl.<br \/>\n6. tbl.<br \/>\n(missing 3rd and 7th issues)<\/p>\n<p><strong>Publishing and printing<\/strong> :<br \/>\nPublishers: Several members of the People&#8217;s Party<\/p>\n","protected":false},"excerpt":{"rendered":"<p>Coalition . Magazine, published by several members of the People&#8217;s Party in Reykjav\u00edk. Under Address 1. tbl. write: \u00c1rni \u00c1g\u00fastsson, Run\u00f3lfur P\u00e9tursson, Filipus \u00c1mundason and A\u00f0alhei\u00f0ur S. H\u00f3lm. The newspaper&#8217;s content was mainly on trade union issues and working to unite the trade union parties, the People&#8217;s Party and the Communist Party. Seven issues were [&hellip;]<\/p>\n","protected":false},"featured_media":4210,"template":"","meta":{"slim_seo":{"title":"Coalition - KindArt","description":"Coalition . Magazine, published by several members of the People's Party in Reykjav\u00edk. Under Address 1. tbl. write: \u00c1rni \u00c1g\u00fastsson, Run\u00f3lfur P\u00e9tursson, Filipus"}},"product_brand":[],"product_cat":[83],"product_tag":[],"class_list":{"0":"post-4219","1":"product","2":"type-product","3":"status-publish","4":"has-post-thumbnail","6":"product_cat-books","7":"product_shipping_class-small-en","9":"first","10":"instock","11":"sold-individually","12":"purchasable","13":"product-type-simple"},"_links":{"self":[{"href":"https:\/\/kindart.is\/en\/wp-json\/wp\/v2\/product\/4219","targetHints":{"allow":["GET"]}}],"collection":[{"href":"https:\/\/kindart.is\/en\/wp-json\/wp\/v2\/product"}],"about":[{"href":"https:\/\/kindart.is\/en\/wp-json\/wp\/v2\/types\/product"}],"wp:featuredmedia":[{"embeddable":true,"href":"https:\/\/kindart.is\/en\/wp-json\/wp\/v2\/media\/4210"}],"wp:attachment":[{"href":"https:\/\/kindart.is\/en\/wp-json\/wp\/v2\/media?parent=4219"}],"wp:term":[{"taxonomy":"product_brand","embeddable":true,"href":"https:\/\/kindart.is\/en\/wp-json\/wp\/v2\/product_brand?post=4219"},{"taxonomy":"product_cat","embeddable":true,"href":"https:\/\/kindart.is\/en\/wp-json\/wp\/v2\/product_cat?post=4219"},{"taxonomy":"product_tag","embeddable":true,"href":"https:\/\/kindart.is\/en\/wp-json\/wp\/v2\/product_tag?post=4219"}],"curies":[{"name":"wp","href":"https:\/\/api.w.org\/{rel}","templated":true}]}}