{"id":4224,"date":"2022-06-01T13:21:59","date_gmt":"2022-06-01T13:22:29","guid":{"rendered":"https:\/\/kindart.is\/product\/christmas-paper\/"},"modified":"2022-06-01T13:22:29","modified_gmt":"2022-06-01T13:22:29","slug":"jolablad-2","status":"publish","type":"product","link":"https:\/\/kindart.is\/en\/vara\/jolablad-2\/","title":{"rendered":"Christmas paper"},"content":{"rendered":"<p><strong>Christmas paper<\/strong> . The magazine&#8217;s content was Christmas poems and stories as well as advertisements from companies in Akureyri. Size: 25.4 X 18.7 cm. 24 p. wire bound and placed in a coat.<\/p>\n<p>1 sheet, everything that came out.<\/p>\n<p><strong>Publishing and printing<\/strong> :<br \/>\nPublisher: \u00d3skar P. S\u00f6ebeck printer in Akureyri. 1930. Bj\u00f6rn J\u00f3nsson&#8217;s printing works.<\/p>\n","protected":false},"excerpt":{"rendered":"<p>Christmas paper . The magazine&#8217;s content was Christmas poems and stories as well as advertisements from companies in Akureyri. Size: 25.4 X 18.7 cm. 24 p. wire bound and placed in a coat. 1 sheet, everything that came out. Publishing and printing : Publisher: \u00d3skar P. S\u00f6ebeck printer in Akureyri. 1930. Bj\u00f6rn J\u00f3nsson&#8217;s printing works.<\/p>\n","protected":false},"featured_media":4223,"template":"","meta":{"slim_seo":{"title":"Christmas paper - KindArt","description":"Christmas paper . The magazine's content was Christmas poems and stories as well as advertisements from companies in Akureyri. Size: 25.4 X 18.7 cm. 24 p. wire"}},"product_brand":[],"product_cat":[83],"product_tag":[],"class_list":{"0":"post-4224","1":"product","2":"type-product","3":"status-publish","4":"has-post-thumbnail","6":"product_cat-books","7":"product_shipping_class-small-en","9":"first","10":"outofstock","11":"sold-individually","12":"purchasable","13":"product-type-simple"},"_links":{"self":[{"href":"https:\/\/kindart.is\/en\/wp-json\/wp\/v2\/product\/4224","targetHints":{"allow":["GET"]}}],"collection":[{"href":"https:\/\/kindart.is\/en\/wp-json\/wp\/v2\/product"}],"about":[{"href":"https:\/\/kindart.is\/en\/wp-json\/wp\/v2\/types\/product"}],"wp:featuredmedia":[{"embeddable":true,"href":"https:\/\/kindart.is\/en\/wp-json\/wp\/v2\/media\/4223"}],"wp:attachment":[{"href":"https:\/\/kindart.is\/en\/wp-json\/wp\/v2\/media?parent=4224"}],"wp:term":[{"taxonomy":"product_brand","embeddable":true,"href":"https:\/\/kindart.is\/en\/wp-json\/wp\/v2\/product_brand?post=4224"},{"taxonomy":"product_cat","embeddable":true,"href":"https:\/\/kindart.is\/en\/wp-json\/wp\/v2\/product_cat?post=4224"},{"taxonomy":"product_tag","embeddable":true,"href":"https:\/\/kindart.is\/en\/wp-json\/wp\/v2\/product_tag?post=4224"}],"curies":[{"name":"wp","href":"https:\/\/api.w.org\/{rel}","templated":true}]}}