{"id":4230,"date":"2022-06-01T16:30:34","date_gmt":"2022-06-01T16:31:14","guid":{"rendered":"https:\/\/kindart.is\/product\/echoes\/"},"modified":"2022-06-01T16:31:14","modified_gmt":"2022-06-01T16:31:14","slug":"bergmal-2","status":"publish","type":"product","link":"https:\/\/kindart.is\/en\/vara\/bergmal-2\/","title":{"rendered":"Echoes"},"content":{"rendered":"<p><strong>Echoes<\/strong> . The magazine was an entertainment and news magazine for Akureyri and Siglufj\u00f6r\u00f0ur. Size: 29 X 21 cm. The editor was J\u00f3hann Sch. J\u00f3hannesson. The paper carried news, advertisements and entertainment from both of these places and to 1. tbl. was advertised for reliable herring girls on the herring field at S. Goos in Siglufj\u00f6r\u00f0ur.<\/p>\n<p><strong>Publishing and printing<\/strong> :<br \/>\nPublished in Siglufj\u00f6r\u00f0ur and Akureyri. 1916. It was supposed to be published weekly during the summer, but was only released in the summer of 1916 from June to August. A total of 7 issues. Printed at Oddur Bj\u00f6rnsson&#8217;s Printing House in Akureyri.<\/p>\n","protected":false},"excerpt":{"rendered":"<p>Echoes . The magazine was an entertainment and news magazine for Akureyri and Siglufj\u00f6r\u00f0ur. Size: 29 X 21 cm. The editor was J\u00f3hann Sch. J\u00f3hannesson. The paper carried news, advertisements and entertainment from both of these places and to 1. tbl. was advertised for reliable herring girls on the herring field at S. Goos in [&hellip;]<\/p>\n","protected":false},"featured_media":4228,"template":"","meta":{"slim_seo":{"title":"Echoes - KindArt","description":"Echoes . The magazine was an entertainment and news magazine for Akureyri and Siglufj\u00f6r\u00f0ur. Size: 29 X 21 cm. The editor was J\u00f3hann Sch. J\u00f3hannesson. The paper"}},"product_brand":[],"product_cat":[83],"product_tag":[],"class_list":{"0":"post-4230","1":"product","2":"type-product","3":"status-publish","4":"has-post-thumbnail","6":"product_cat-books","7":"product_shipping_class-small-en","9":"first","10":"instock","11":"sold-individually","12":"purchasable","13":"product-type-simple"},"_links":{"self":[{"href":"https:\/\/kindart.is\/en\/wp-json\/wp\/v2\/product\/4230","targetHints":{"allow":["GET"]}}],"collection":[{"href":"https:\/\/kindart.is\/en\/wp-json\/wp\/v2\/product"}],"about":[{"href":"https:\/\/kindart.is\/en\/wp-json\/wp\/v2\/types\/product"}],"wp:featuredmedia":[{"embeddable":true,"href":"https:\/\/kindart.is\/en\/wp-json\/wp\/v2\/media\/4228"}],"wp:attachment":[{"href":"https:\/\/kindart.is\/en\/wp-json\/wp\/v2\/media?parent=4230"}],"wp:term":[{"taxonomy":"product_brand","embeddable":true,"href":"https:\/\/kindart.is\/en\/wp-json\/wp\/v2\/product_brand?post=4230"},{"taxonomy":"product_cat","embeddable":true,"href":"https:\/\/kindart.is\/en\/wp-json\/wp\/v2\/product_cat?post=4230"},{"taxonomy":"product_tag","embeddable":true,"href":"https:\/\/kindart.is\/en\/wp-json\/wp\/v2\/product_tag?post=4230"}],"curies":[{"name":"wp","href":"https:\/\/api.w.org\/{rel}","templated":true}]}}