{"id":4240,"date":"2022-06-01T16:38:13","date_gmt":"2022-06-01T16:39:41","guid":{"rendered":"https:\/\/kindart.is\/product\/draupnir\/"},"modified":"2022-06-01T16:39:41","modified_gmt":"2022-06-01T16:39:41","slug":"draupnir-2","status":"publish","type":"product","link":"https:\/\/kindart.is\/en\/vara\/draupnir-2\/","title":{"rendered":"Draupnir"},"content":{"rendered":"<p><strong>Draupnir<\/strong>. The paper was a school paper at the Flensburg School in Hafnarfj\u00f6r\u00f0ur. The paper was published in December. 1939 and in February. and March 1940. A total of 3 issues. Size: 27.7 X 22.7 cm. They are bound into one book with shirting on the keel and corners and cladding. The person responsible was Bjarni A\u00f0albjarnarson, and the writing committee consisted of: G\u00edsli Stef\u00e1nsson, T\u00f3mas T\u00f3masson, Kristj\u00e1n Eldj\u00e1rn, Karl J\u00f3nasson and Helga Magn\u00fasd\u00f3ttir.<\/p>\n<p><strong>Publishing and printing<\/strong> :<br \/>\nThe publishers were students at the Flensburg School Hafnarfj\u00f6r\u00f0ur 1939-1940. Printed at F\u00e9lagsprentsmi\u00f0jan in Reykjav\u00edk.<\/p>\n","protected":false},"excerpt":{"rendered":"<p>Draupnir. The paper was a school paper at the Flensburg School in Hafnarfj\u00f6r\u00f0ur. The paper was published in December. 1939 and in February. and March 1940. A total of 3 issues. Size: 27.7 X 22.7 cm. They are bound into one book with shirting on the keel and corners and cladding. The person responsible was [&hellip;]<\/p>\n","protected":false},"featured_media":4234,"template":"","meta":{"slim_seo":{"title":"Draupnir - KindArt","description":"Draupnir . The paper was a school paper at the Flensburg School in Hafnarfj\u00f6r\u00f0ur. The paper was published in December. 1939 and in February. and March 1940. A t"}},"product_brand":[],"product_cat":[83],"product_tag":[],"class_list":{"0":"post-4240","1":"product","2":"type-product","3":"status-publish","4":"has-post-thumbnail","6":"product_cat-books","7":"product_shipping_class-small-en","9":"first","10":"outofstock","11":"sold-individually","12":"purchasable","13":"product-type-simple"},"_links":{"self":[{"href":"https:\/\/kindart.is\/en\/wp-json\/wp\/v2\/product\/4240","targetHints":{"allow":["GET"]}}],"collection":[{"href":"https:\/\/kindart.is\/en\/wp-json\/wp\/v2\/product"}],"about":[{"href":"https:\/\/kindart.is\/en\/wp-json\/wp\/v2\/types\/product"}],"wp:featuredmedia":[{"embeddable":true,"href":"https:\/\/kindart.is\/en\/wp-json\/wp\/v2\/media\/4234"}],"wp:attachment":[{"href":"https:\/\/kindart.is\/en\/wp-json\/wp\/v2\/media?parent=4240"}],"wp:term":[{"taxonomy":"product_brand","embeddable":true,"href":"https:\/\/kindart.is\/en\/wp-json\/wp\/v2\/product_brand?post=4240"},{"taxonomy":"product_cat","embeddable":true,"href":"https:\/\/kindart.is\/en\/wp-json\/wp\/v2\/product_cat?post=4240"},{"taxonomy":"product_tag","embeddable":true,"href":"https:\/\/kindart.is\/en\/wp-json\/wp\/v2\/product_tag?post=4240"}],"curies":[{"name":"wp","href":"https:\/\/api.w.org\/{rel}","templated":true}]}}