{"id":4247,"date":"2022-06-01T16:45:33","date_gmt":"2022-06-01T16:46:12","guid":{"rendered":"https:\/\/kindart.is\/product\/from-mind-to-mind\/"},"modified":"2022-06-01T16:46:12","modified_gmt":"2022-06-01T16:46:12","slug":"from-mind-to-mind","status":"publish","type":"product","link":"https:\/\/kindart.is\/en\/vara\/from-mind-to-mind\/","title":{"rendered":"From mind to mind"},"content":{"rendered":"<p><strong>From mind to mind<\/strong> . Exhibition catalog at the Bible Exhibition in 2000, held at the National Library from November 16, 2000 to January 31, 2001. Editors: Emil\u00eda Sigmarsd\u00f3ttir and J\u00f3n P\u00e1lsson. The file is 27 X 18.3 cm in size and 26 pages and a cardboard cover in color. Bishop Karl Sigurbj\u00f6rnsson writes the introduction. Articles by Krist\u00edn Bragad\u00f3ttir, Ragnar Fjalar L\u00e1russon, Loft Gu\u00f0mundsson, Sigur\u00f0ur P\u00e1lsson and Svan J\u00f3hannesson. High quality version.<\/p>\n<p><strong>Publishing and printing<\/strong> :<br \/>\nPublishers: Landsb\u00f3kasafn \u00cdoslands &#8211; H\u00e1sk\u00f3lab\u00f3kasafn, F\u00e9lag b\u00f3kager\u00f0armanna, Hi\u00f0 \u00edslenska bibl\u00eduf\u00e9lag and Samt\u00f6k i\u00f0na\u00f0arins. Reykjav\u00edk 2000. Printing: Oddi.<\/p>\n","protected":false},"excerpt":{"rendered":"<p>From mind to mind . Exhibition catalog at the Bible Exhibition in 2000, held at the National Library from November 16, 2000 to January 31, 2001. Editors: Emil\u00eda Sigmarsd\u00f3ttir and J\u00f3n P\u00e1lsson. The file is 27 X 18.3 cm in size and 26 pages and a cardboard cover in color. Bishop Karl Sigurbj\u00f6rnsson writes the [&hellip;]<\/p>\n","protected":false},"featured_media":4244,"template":"","meta":{"slim_seo":{"title":"From mind to mind - KindArt","description":"From mind to mind . Exhibition catalog at the Bible Exhibition in 2000, held at the National Library from November 16, 2000 to January 31, 2001. Editors: Emil\u00eda"}},"product_brand":[],"product_cat":[83],"product_tag":[],"class_list":{"0":"post-4247","1":"product","2":"type-product","3":"status-publish","4":"has-post-thumbnail","6":"product_cat-books","7":"product_shipping_class-small-en","9":"first","10":"instock","11":"purchasable","12":"product-type-simple"},"_links":{"self":[{"href":"https:\/\/kindart.is\/en\/wp-json\/wp\/v2\/product\/4247","targetHints":{"allow":["GET"]}}],"collection":[{"href":"https:\/\/kindart.is\/en\/wp-json\/wp\/v2\/product"}],"about":[{"href":"https:\/\/kindart.is\/en\/wp-json\/wp\/v2\/types\/product"}],"wp:featuredmedia":[{"embeddable":true,"href":"https:\/\/kindart.is\/en\/wp-json\/wp\/v2\/media\/4244"}],"wp:attachment":[{"href":"https:\/\/kindart.is\/en\/wp-json\/wp\/v2\/media?parent=4247"}],"wp:term":[{"taxonomy":"product_brand","embeddable":true,"href":"https:\/\/kindart.is\/en\/wp-json\/wp\/v2\/product_brand?post=4247"},{"taxonomy":"product_cat","embeddable":true,"href":"https:\/\/kindart.is\/en\/wp-json\/wp\/v2\/product_cat?post=4247"},{"taxonomy":"product_tag","embeddable":true,"href":"https:\/\/kindart.is\/en\/wp-json\/wp\/v2\/product_tag?post=4247"}],"curies":[{"name":"wp","href":"https:\/\/api.w.org\/{rel}","templated":true}]}}