{"id":4257,"date":"2022-06-01T16:56:25","date_gmt":"2022-06-01T16:56:53","guid":{"rendered":"https:\/\/kindart.is\/product\/we-all-protest\/"},"modified":"2022-06-01T16:56:53","modified_gmt":"2022-06-01T16:56:53","slug":"ver-motmaelum-allir-2","status":"publish","type":"product","link":"https:\/\/kindart.is\/en\/vara\/ver-motmaelum-allir-2\/","title":{"rendered":"We all protest!"},"content":{"rendered":"<p><strong>We all protest!<\/strong> &#8211; Student protest paper against military bases in Iceland. Size: 28.7 X 22 cm. 8 p. without wire stapling. Responsible Gu\u00f0mundur \u00c1smundsson. Marked: 3.tbl. May 1, 1946<\/p>\n<p><strong>Publishing and printing<\/strong> :<br \/>\nPublishers: H\u00e1sk\u00f3last\u00fadentar and St\u00fadentaf\u00e9lag Reykjav\u00edkur. Reykjav\u00edk 1946. Borgarprent.<\/p>\n","protected":false},"excerpt":{"rendered":"<p>We all protest! &#8211; Student protest paper against military bases in Iceland. Size: 28.7 X 22 cm. 8 p. without wire stapling. Responsible Gu\u00f0mundur \u00c1smundsson. Marked: 3.tbl. May 1, 1946 Publishing and printing : Publishers: H\u00e1sk\u00f3last\u00fadentar and St\u00fadentaf\u00e9lag Reykjav\u00edkur. Reykjav\u00edk 1946. Borgarprent.<\/p>\n","protected":false},"featured_media":4256,"template":"","meta":{"slim_seo":{"title":"We all protest! - KindArt","description":"We all protest! - Student protest paper against military bases in Iceland. Size: 28.7 X 22 cm. 8 p. without wire stapling. Responsible Gu\u00f0mundur \u00c1smundsson. Mar"}},"product_brand":[],"product_cat":[83],"product_tag":[],"class_list":{"0":"post-4257","1":"product","2":"type-product","3":"status-publish","4":"has-post-thumbnail","6":"product_cat-books","7":"product_shipping_class-small-en","9":"first","10":"instock","11":"sold-individually","12":"purchasable","13":"product-type-simple"},"_links":{"self":[{"href":"https:\/\/kindart.is\/en\/wp-json\/wp\/v2\/product\/4257","targetHints":{"allow":["GET"]}}],"collection":[{"href":"https:\/\/kindart.is\/en\/wp-json\/wp\/v2\/product"}],"about":[{"href":"https:\/\/kindart.is\/en\/wp-json\/wp\/v2\/types\/product"}],"wp:featuredmedia":[{"embeddable":true,"href":"https:\/\/kindart.is\/en\/wp-json\/wp\/v2\/media\/4256"}],"wp:attachment":[{"href":"https:\/\/kindart.is\/en\/wp-json\/wp\/v2\/media?parent=4257"}],"wp:term":[{"taxonomy":"product_brand","embeddable":true,"href":"https:\/\/kindart.is\/en\/wp-json\/wp\/v2\/product_brand?post=4257"},{"taxonomy":"product_cat","embeddable":true,"href":"https:\/\/kindart.is\/en\/wp-json\/wp\/v2\/product_cat?post=4257"},{"taxonomy":"product_tag","embeddable":true,"href":"https:\/\/kindart.is\/en\/wp-json\/wp\/v2\/product_tag?post=4257"}],"curies":[{"name":"wp","href":"https:\/\/api.w.org\/{rel}","templated":true}]}}