{"id":4285,"date":"2022-06-03T00:35:19","date_gmt":"2022-06-03T00:35:19","guid":{"rendered":"https:\/\/kindart.is\/?post_type=product&#038;p=4285"},"modified":"2023-09-08T17:03:38","modified_gmt":"2023-09-08T17:03:38","slug":"utvegsbaendur-i-reynishofn-the-farmers-at-reynisfjara-black-beach-50x75-cm","status":"publish","type":"product","link":"https:\/\/kindart.is\/en\/vara\/utvegsbaendur-i-reynishofn-the-farmers-at-reynisfjara-black-beach-50x75-cm\/","title":{"rendered":"\u00datvegsb\u00e6ndur \u00ed Reynish\u00f6fn \/ The farmers at Reynisfjara black beach (50&#215;75 cm)"},"content":{"rendered":"<p>Akr\u00fdl \/ bl\u00f6ndu\u00f0 t\u00e6kni \u00e1 striga, 50&#215;75 cm<\/p>\n<p>Acrylic \/ mixed media on canvas, 50&#215;75 cm<\/p>\n<p>(2022)<\/p>\n","protected":false},"excerpt":{"rendered":"<p>Akr\u00fdl \/ bl\u00f6ndu\u00f0 t\u00e6kni \u00e1 striga, 50&#215;75 cm Acrylic \/ mixed media on canvas, 50&#215;75 cm (2022)<\/p>\n","protected":false},"featured_media":4286,"template":"","meta":{"slim_seo":{"title":"\u00datvegsb\u00e6ndur \u00ed Reynish\u00f6fn \/ The farmers at Reynisfjara black beach (50x75 cm) - KindArt","description":"Akr\u00fdl \/ bl\u00f6ndu\u00f0 t\u00e6kni \u00e1 striga, 50x75 cm Acrylic \/ mixed media on canvas, 50x75 cm (2022)"}},"product_brand":[],"product_cat":[56],"product_tag":[],"class_list":{"0":"post-4285","1":"product","2":"type-product","3":"status-publish","4":"has-post-thumbnail","6":"product_cat-listaverk","7":"product_shipping_class-midlungs","9":"first","10":"instock","11":"purchasable","12":"product-type-simple"},"_links":{"self":[{"href":"https:\/\/kindart.is\/en\/wp-json\/wp\/v2\/product\/4285","targetHints":{"allow":["GET"]}}],"collection":[{"href":"https:\/\/kindart.is\/en\/wp-json\/wp\/v2\/product"}],"about":[{"href":"https:\/\/kindart.is\/en\/wp-json\/wp\/v2\/types\/product"}],"wp:featuredmedia":[{"embeddable":true,"href":"https:\/\/kindart.is\/en\/wp-json\/wp\/v2\/media\/4286"}],"wp:attachment":[{"href":"https:\/\/kindart.is\/en\/wp-json\/wp\/v2\/media?parent=4285"}],"wp:term":[{"taxonomy":"product_brand","embeddable":true,"href":"https:\/\/kindart.is\/en\/wp-json\/wp\/v2\/product_brand?post=4285"},{"taxonomy":"product_cat","embeddable":true,"href":"https:\/\/kindart.is\/en\/wp-json\/wp\/v2\/product_cat?post=4285"},{"taxonomy":"product_tag","embeddable":true,"href":"https:\/\/kindart.is\/en\/wp-json\/wp\/v2\/product_tag?post=4285"}],"curies":[{"name":"wp","href":"https:\/\/api.w.org\/{rel}","templated":true}]}}