{"id":4289,"date":"2022-06-03T00:37:49","date_gmt":"2022-06-03T00:37:49","guid":{"rendered":"https:\/\/kindart.is\/?post_type=product&#038;p=4289"},"modified":"2023-09-08T17:03:48","modified_gmt":"2023-09-08T17:03:48","slug":"utvegsbaendur-i-dyrholahofn-farmers-in-dyrholaey-50x50-cm","status":"publish","type":"product","link":"https:\/\/kindart.is\/en\/vara\/utvegsbaendur-i-dyrholahofn-farmers-in-dyrholaey-50x50-cm\/","title":{"rendered":"\u00datvegsb\u00e6ndur \u00ed Dyrh\u00f3lah\u00f6fn \/ Farmers in Dyrh\u00f3laey (50&#215;50 cm)"},"content":{"rendered":"<p>Akr\u00fdl \/ bl\u00f6ndu\u00f0 t\u00e6kni \u00e1 striga, 50&#215;50 cm<\/p>\n<p>Acrylic \/ mixed media on canvas, 50&#215;50 cm<\/p>\n<p>(2022)<\/p>\n","protected":false},"excerpt":{"rendered":"<p>Akr\u00fdl \/ bl\u00f6ndu\u00f0 t\u00e6kni \u00e1 striga, 50&#215;50 cm Acrylic \/ mixed media on canvas, 50&#215;50 cm (2022)<\/p>\n","protected":false},"featured_media":4290,"template":"","meta":{"slim_seo":{"title":"\u00datvegsb\u00e6ndur \u00ed Dyrh\u00f3lah\u00f6fn \/ Farmers in Dyrh\u00f3laey (50x50 cm) - KindArt","description":"Akr\u00fdl \/ bl\u00f6ndu\u00f0 t\u00e6kni \u00e1 striga, 50x50 cm Acrylic \/ mixed media on canvas, 50x50 cm (2022)"}},"product_brand":[],"product_cat":[56],"product_tag":[],"class_list":{"0":"post-4289","1":"product","2":"type-product","3":"status-publish","4":"has-post-thumbnail","6":"product_cat-listaverk","7":"product_shipping_class-midlungs","9":"first","10":"instock","11":"purchasable","12":"product-type-simple"},"_links":{"self":[{"href":"https:\/\/kindart.is\/en\/wp-json\/wp\/v2\/product\/4289","targetHints":{"allow":["GET"]}}],"collection":[{"href":"https:\/\/kindart.is\/en\/wp-json\/wp\/v2\/product"}],"about":[{"href":"https:\/\/kindart.is\/en\/wp-json\/wp\/v2\/types\/product"}],"wp:featuredmedia":[{"embeddable":true,"href":"https:\/\/kindart.is\/en\/wp-json\/wp\/v2\/media\/4290"}],"wp:attachment":[{"href":"https:\/\/kindart.is\/en\/wp-json\/wp\/v2\/media?parent=4289"}],"wp:term":[{"taxonomy":"product_brand","embeddable":true,"href":"https:\/\/kindart.is\/en\/wp-json\/wp\/v2\/product_brand?post=4289"},{"taxonomy":"product_cat","embeddable":true,"href":"https:\/\/kindart.is\/en\/wp-json\/wp\/v2\/product_cat?post=4289"},{"taxonomy":"product_tag","embeddable":true,"href":"https:\/\/kindart.is\/en\/wp-json\/wp\/v2\/product_tag?post=4289"}],"curies":[{"name":"wp","href":"https:\/\/api.w.org\/{rel}","templated":true}]}}