{"id":4305,"date":"2022-06-03T00:46:25","date_gmt":"2022-06-03T00:46:25","guid":{"rendered":"https:\/\/kindart.is\/?post_type=product&#038;p=4305"},"modified":"2023-09-08T17:22:05","modified_gmt":"2023-09-08T17:22:05","slug":"husbaendur-i-hjorleifshofda-the-masters-of-hjorleifshofdi-50x50-cm","status":"publish","type":"product","link":"https:\/\/kindart.is\/en\/vara\/husbaendur-i-hjorleifshofda-the-masters-of-hjorleifshofdi-50x50-cm\/","title":{"rendered":"H\u00fasb\u00e6ndur \u00ed Hj\u00f6rleifsh\u00f6f\u00f0a \/ The masters of Hj\u00f6rleifsh\u00f6f\u00f0i (50&#215;50 cm)"},"content":{"rendered":"<p>Akr\u00fdl \/ bl\u00f6ndu\u00f0 t\u00e6kni \u00e1 striga, 50&#215;50 cm<\/p>\n<p>Acrylic \/ mixed media on canvas, 50&#215;50 cm<\/p>\n<p>(2022)<\/p>\n","protected":false},"excerpt":{"rendered":"<p>Akr\u00fdl \/ bl\u00f6ndu\u00f0 t\u00e6kni \u00e1 striga, 50&#215;50 cm Acrylic \/ mixed media on canvas, 50&#215;50 cm (2022)<\/p>\n","protected":false},"featured_media":4306,"template":"","meta":{"slim_seo":{"title":"H\u00fasb\u00e6ndur \u00ed Hj\u00f6rleifsh\u00f6f\u00f0a \/ The masters of Hj\u00f6rleifsh\u00f6f\u00f0i (50x50 cm) - KindArt","description":"Akr\u00fdl \/ bl\u00f6ndu\u00f0 t\u00e6kni \u00e1 striga, 50x50 cm Acrylic \/ mixed media on canvas, 50x50 cm (2022)"}},"product_brand":[],"product_cat":[56],"product_tag":[],"class_list":{"0":"post-4305","1":"product","2":"type-product","3":"status-publish","4":"has-post-thumbnail","6":"product_cat-listaverk","7":"product_shipping_class-midlungs","9":"first","10":"instock","11":"purchasable","12":"product-type-simple"},"_links":{"self":[{"href":"https:\/\/kindart.is\/en\/wp-json\/wp\/v2\/product\/4305","targetHints":{"allow":["GET"]}}],"collection":[{"href":"https:\/\/kindart.is\/en\/wp-json\/wp\/v2\/product"}],"about":[{"href":"https:\/\/kindart.is\/en\/wp-json\/wp\/v2\/types\/product"}],"wp:featuredmedia":[{"embeddable":true,"href":"https:\/\/kindart.is\/en\/wp-json\/wp\/v2\/media\/4306"}],"wp:attachment":[{"href":"https:\/\/kindart.is\/en\/wp-json\/wp\/v2\/media?parent=4305"}],"wp:term":[{"taxonomy":"product_brand","embeddable":true,"href":"https:\/\/kindart.is\/en\/wp-json\/wp\/v2\/product_brand?post=4305"},{"taxonomy":"product_cat","embeddable":true,"href":"https:\/\/kindart.is\/en\/wp-json\/wp\/v2\/product_cat?post=4305"},{"taxonomy":"product_tag","embeddable":true,"href":"https:\/\/kindart.is\/en\/wp-json\/wp\/v2\/product_tag?post=4305"}],"curies":[{"name":"wp","href":"https:\/\/api.w.org\/{rel}","templated":true}]}}