{"id":4309,"date":"2022-06-03T00:48:25","date_gmt":"2022-06-03T00:48:25","guid":{"rendered":"https:\/\/kindart.is\/?post_type=product&#038;p=4309"},"modified":"2023-09-08T16:13:07","modified_gmt":"2023-09-08T16:13:07","slug":"storbaendur-i-petursey-the-farmers-of-petursey-40x50-cm","status":"publish","type":"product","link":"https:\/\/kindart.is\/en\/vara\/storbaendur-i-petursey-the-farmers-of-petursey-40x50-cm\/","title":{"rendered":"St\u00f3rb\u00e6ndur \u00ed P\u00e9tursey \/ The farmers of P\u00e9tursey (40&#215;50 cm)"},"content":{"rendered":"<p>Akr\u00fdl \/ bl\u00f6ndu\u00f0 t\u00e6kni \u00e1 striga, 40&#215;50 cm<\/p>\n<p>Acrylic \/ mixed media on canvas, 40&#215;50 cm<\/p>\n<p>(2022)<\/p>\n","protected":false},"excerpt":{"rendered":"<p>Akr\u00fdl \/ bl\u00f6ndu\u00f0 t\u00e6kni \u00e1 striga, 40&#215;50 cm Acrylic \/ mixed media on canvas, 40&#215;50 cm (2022)<\/p>\n","protected":false},"featured_media":4310,"template":"","meta":{"slim_seo":{"title":"St\u00f3rb\u00e6ndur \u00ed P\u00e9tursey \/ The farmers of P\u00e9tursey (40x50 cm) - KindArt","description":"Akr\u00fdl \/ bl\u00f6ndu\u00f0 t\u00e6kni \u00e1 striga, 40x50 cm Acrylic \/ mixed media on canvas, 40x50 cm (2022)"}},"product_brand":[],"product_cat":[67],"product_tag":[],"class_list":{"0":"post-4309","1":"product","2":"type-product","3":"status-publish","4":"has-post-thumbnail","6":"product_cat-sold","7":"product_shipping_class-midlungs","9":"first","10":"outofstock","11":"purchasable","12":"product-type-simple"},"_links":{"self":[{"href":"https:\/\/kindart.is\/en\/wp-json\/wp\/v2\/product\/4309","targetHints":{"allow":["GET"]}}],"collection":[{"href":"https:\/\/kindart.is\/en\/wp-json\/wp\/v2\/product"}],"about":[{"href":"https:\/\/kindart.is\/en\/wp-json\/wp\/v2\/types\/product"}],"wp:featuredmedia":[{"embeddable":true,"href":"https:\/\/kindart.is\/en\/wp-json\/wp\/v2\/media\/4310"}],"wp:attachment":[{"href":"https:\/\/kindart.is\/en\/wp-json\/wp\/v2\/media?parent=4309"}],"wp:term":[{"taxonomy":"product_brand","embeddable":true,"href":"https:\/\/kindart.is\/en\/wp-json\/wp\/v2\/product_brand?post=4309"},{"taxonomy":"product_cat","embeddable":true,"href":"https:\/\/kindart.is\/en\/wp-json\/wp\/v2\/product_cat?post=4309"},{"taxonomy":"product_tag","embeddable":true,"href":"https:\/\/kindart.is\/en\/wp-json\/wp\/v2\/product_tag?post=4309"}],"curies":[{"name":"wp","href":"https:\/\/api.w.org\/{rel}","templated":true}]}}